{"id":57353,"date":"2026-04-26T12:44:34","date_gmt":"2026-04-26T11:44:34","guid":{"rendered":"https:\/\/tresorsnaturels.tn\/?post_type=product&#038;p=57353"},"modified":"2026-04-26T12:58:52","modified_gmt":"2026-04-26T11:58:52","slug":"ecran-solaire-invisible","status":"publish","type":"product","link":"https:\/\/tresorsnaturels.tn\/en\/product\/ecran-solaire-invisible\/","title":{"rendered":"\u00c9cran Solaire Min\u00e9ral Invisible \/ Teint\u00e9  + Gloss NATURALIPS Orange Br\u00fbl\u00e9e  GRATUIT"},"content":{"rendered":"<p>&nbsp;<\/p>\n<p>&nbsp;<\/p>","protected":false},"excerpt":{"rendered":"<p>\u2714 Paiement \u00e0 la livraison<br \/>\n\u2714 Laboratoire certifi\u00e9 ISO 22716<br \/>\n\u2714 Naturel \u2022 contr\u00f4l\u00e9 \u2022 efficace<\/p>\n<hr style=\"border: none; height: 1px; background: #e5e5e5; margin: 12px 0; width: 60%;\" \/>\n<h5><a href=\"https:\/\/tresorsnaturels.tn\/en\/product\/ecran-solaire-mineral-spf-50-teinte\/\"><strong>\u00c9cran solaire<\/strong><\/a><\/h5>\n<p>Protection min\u00e9rale haute efficacit\u00e9, id\u00e9ale pour les peaux sensibles et r\u00e9actives, pour une peau prot\u00e9g\u00e9e, confortable et naturellement lumineuse.<\/p>\n<p><a href=\"https:\/\/tresorsnaturels.tn\/en\/product\/ecran-solaire-mineral-spf-50-teinte\/\">\u2198\ufe0f Informations sur le produit\u00a0<\/a><\/p>\n<h5><a href=\"https:\/\/tresorsnaturels.tn\/en\/product\/gloss-naturalips-orange-brulee\/\"><strong>Gloss offert<\/strong><\/a><\/h5>\n<p>R\u00e9pare les l\u00e8vres s\u00e8ches, apaise durablement et laisse une couleur chaude lumineuse naturelle.<\/p>\n<p><a href=\"https:\/\/tresorsnaturels.tn\/en\/product\/gloss-naturalips-orange-brulee\/\">\u2198\ufe0f Informations sur le produit\u00a0<\/a><\/p>","protected":false},"featured_media":57356,"comment_status":"closed","ping_status":"closed","template":"","meta":[],"product_brand":[],"product_cat":[219,98],"product_tag":[],"class_list":{"0":"post-57353","1":"product","2":"type-product","3":"status-publish","4":"has-post-thumbnail","6":"product_cat-nos-promos","7":"product_cat-ecrans-solaires","8":"pa_transparence-invisible","9":"pa_transparence-teinte","12":"instock","13":"shipping-taxable","14":"purchasable","15":"product-type-variable"},"yoast_head":"<!-- This site is optimized with the Yoast SEO Premium plugin v26.2 (Yoast SEO v26.2) - https:\/\/yoast.com\/wordpress\/plugins\/seo\/ -->\n<title>\u00c9cran Solaire Min\u00e9ral Invisible \/ Teint\u00e9 + Gloss NATURALIPS Orange Br\u00fbl\u00e9e GRATUIT<\/title>\n<meta name=\"robots\" content=\"index, follow, max-snippet:-1, max-image-preview:large, max-video-preview:-1\" \/>\n<link rel=\"canonical\" href=\"https:\/\/tresorsnaturels.tn\/en\/product\/ecran-solaire-invisible\/\" \/>\n<meta property=\"og:locale\" content=\"en_US\" \/>\n<meta property=\"og:type\" content=\"article\" \/>\n<meta property=\"og:title\" content=\"\u00c9cran Solaire Min\u00e9ral Invisible \/ Teint\u00e9 + Gloss NATURALIPS Orange Br\u00fbl\u00e9e GRATUIT\" \/>\n<meta property=\"og:description\" content=\"\u2714 Paiement \u00e0 la livraison \u2714 Laboratoire certifi\u00e9 ISO 22716 \u2714 Naturel \u2022 contr\u00f4l\u00e9 \u2022 efficace    \u00c9cran solaire Protection min\u00e9rale haute efficacit\u00e9, id\u00e9ale pour les peaux sensibles et r\u00e9actives, pour une peau prot\u00e9g\u00e9e, confortable et naturellement lumineuse.  \u2198\ufe0f Informations sur le produit\u00a0 Gloss offert R\u00e9pare les l\u00e8vres s\u00e8ches, apaise durablement et laisse une couleur chaude lumineuse naturelle.  \u2198\ufe0f Informations sur le produit\u00a0\" \/>\n<meta property=\"og:url\" content=\"https:\/\/tresorsnaturels.tn\/en\/product\/ecran-solaire-invisible\/\" \/>\n<meta property=\"og:site_name\" content=\"Tr\u00e9sors Naturels\" \/>\n<meta property=\"article:publisher\" content=\"https:\/\/www.facebook.com\/tresors.naturels.tunisie\" \/>\n<meta property=\"article:modified_time\" content=\"2026-04-26T11:58:52+00:00\" \/>\n<meta property=\"og:image\" content=\"https:\/\/tresorsnaturels.tn\/wp-content\/uploads\/2026\/04\/Offre2-Ecran-FB.webp\" \/>\n\t<meta property=\"og:image:width\" content=\"1440\" \/>\n\t<meta property=\"og:image:height\" content=\"1440\" \/>\n\t<meta property=\"og:image:type\" content=\"image\/webp\" \/>\n<meta name=\"twitter:card\" content=\"summary_large_image\" \/>\n<meta name=\"twitter:label1\" content=\"Est. reading time\" \/>\n\t<meta name=\"twitter:data1\" content=\"1 minute\" \/>\n<script type=\"application\/ld+json\" class=\"yoast-schema-graph\">{\"@context\":\"https:\/\/schema.org\",\"@graph\":[{\"@type\":\"WebPage\",\"@id\":\"https:\/\/tresorsnaturels.tn\/produit\/ecran-solaire-invisible\/\",\"url\":\"https:\/\/tresorsnaturels.tn\/produit\/ecran-solaire-invisible\/\",\"name\":\"\u00c9cran Solaire Min\u00e9ral Invisible \/ Teint\u00e9 + Gloss NATURALIPS Orange Br\u00fbl\u00e9e GRATUIT\",\"isPartOf\":{\"@id\":\"https:\/\/tresorsnaturels.tn\/#website\"},\"primaryImageOfPage\":{\"@id\":\"https:\/\/tresorsnaturels.tn\/produit\/ecran-solaire-invisible\/#primaryimage\"},\"image\":{\"@id\":\"https:\/\/tresorsnaturels.tn\/produit\/ecran-solaire-invisible\/#primaryimage\"},\"thumbnailUrl\":\"https:\/\/tresorsnaturels.tn\/wp-content\/uploads\/2026\/04\/Offre2-Ecran-FB.webp\",\"datePublished\":\"2026-04-26T11:44:34+00:00\",\"dateModified\":\"2026-04-26T11:58:52+00:00\",\"breadcrumb\":{\"@id\":\"https:\/\/tresorsnaturels.tn\/produit\/ecran-solaire-invisible\/#breadcrumb\"},\"inLanguage\":\"en-US\",\"potentialAction\":[{\"@type\":\"ReadAction\",\"target\":[\"https:\/\/tresorsnaturels.tn\/produit\/ecran-solaire-invisible\/\"]}]},{\"@type\":\"ImageObject\",\"inLanguage\":\"en-US\",\"@id\":\"https:\/\/tresorsnaturels.tn\/produit\/ecran-solaire-invisible\/#primaryimage\",\"url\":\"https:\/\/tresorsnaturels.tn\/wp-content\/uploads\/2026\/04\/Offre2-Ecran-FB.webp\",\"contentUrl\":\"https:\/\/tresorsnaturels.tn\/wp-content\/uploads\/2026\/04\/Offre2-Ecran-FB.webp\",\"width\":1440,\"height\":1440},{\"@type\":\"BreadcrumbList\",\"@id\":\"https:\/\/tresorsnaturels.tn\/produit\/ecran-solaire-invisible\/#breadcrumb\",\"itemListElement\":[{\"@type\":\"ListItem\",\"position\":1,\"name\":\"Accueil\",\"item\":\"https:\/\/tresorsnaturels.tn\/\"},{\"@type\":\"ListItem\",\"position\":2,\"name\":\"Boutique\",\"item\":\"https:\/\/tresorsnaturels.tn\/shop\/\"},{\"@type\":\"ListItem\",\"position\":3,\"name\":\"\u00c9cran Solaire Min\u00e9ral Invisible \/ Teint\u00e9 + Gloss NATURALIPS Orange Br\u00fbl\u00e9e GRATUIT\"}]},{\"@type\":\"WebSite\",\"@id\":\"https:\/\/tresorsnaturels.tn\/#website\",\"url\":\"https:\/\/tresorsnaturels.tn\/\",\"name\":\"Tr\u00e9sors Naturels\",\"description\":\"Produits cosm\u00e9tiques naturels en Tunisie\",\"publisher\":{\"@id\":\"https:\/\/tresorsnaturels.tn\/#organization\"},\"potentialAction\":[{\"@type\":\"SearchAction\",\"target\":{\"@type\":\"EntryPoint\",\"urlTemplate\":\"https:\/\/tresorsnaturels.tn\/?s={search_term_string}\"},\"query-input\":{\"@type\":\"PropertyValueSpecification\",\"valueRequired\":true,\"valueName\":\"search_term_string\"}}],\"inLanguage\":\"en-US\"},{\"@type\":\"Organization\",\"@id\":\"https:\/\/tresorsnaturels.tn\/#organization\",\"name\":\"Tr\u00e9sors Naturels\",\"url\":\"https:\/\/tresorsnaturels.tn\/\",\"logo\":{\"@type\":\"ImageObject\",\"inLanguage\":\"en-US\",\"@id\":\"https:\/\/tresorsnaturels.tn\/#\/schema\/logo\/image\/\",\"url\":\"https:\/\/tresorsnaturels.tn\/wp-content\/uploads\/2025\/03\/Logo-Tresors.png\",\"contentUrl\":\"https:\/\/tresorsnaturels.tn\/wp-content\/uploads\/2025\/03\/Logo-Tresors.png\",\"width\":500,\"height\":215,\"caption\":\"Tr\u00e9sors Naturels\"},\"image\":{\"@id\":\"https:\/\/tresorsnaturels.tn\/#\/schema\/logo\/image\/\"},\"sameAs\":[\"https:\/\/www.facebook.com\/tresors.naturels.tunisie\",\"https:\/\/www.instagram.com\/tresors_naturels_officiel\"]}]}<\/script>\n<!-- \/ Yoast SEO Premium plugin. -->","yoast_head_json":{"title":"\u00c9cran Solaire Min\u00e9ral Invisible \/ Teint\u00e9 + Gloss NATURALIPS Orange Br\u00fbl\u00e9e GRATUIT","robots":{"index":"index","follow":"follow","max-snippet":"max-snippet:-1","max-image-preview":"max-image-preview:large","max-video-preview":"max-video-preview:-1"},"canonical":"https:\/\/tresorsnaturels.tn\/en\/product\/ecran-solaire-invisible\/","og_locale":"en_US","og_type":"article","og_title":"\u00c9cran Solaire Min\u00e9ral Invisible \/ Teint\u00e9 + Gloss NATURALIPS Orange Br\u00fbl\u00e9e GRATUIT","og_description":"\u2714 Paiement \u00e0 la livraison \u2714 Laboratoire certifi\u00e9 ISO 22716 \u2714 Naturel \u2022 contr\u00f4l\u00e9 \u2022 efficace    \u00c9cran solaire Protection min\u00e9rale haute efficacit\u00e9, id\u00e9ale pour les peaux sensibles et r\u00e9actives, pour une peau prot\u00e9g\u00e9e, confortable et naturellement lumineuse.  \u2198\ufe0f Informations sur le produit\u00a0 Gloss offert R\u00e9pare les l\u00e8vres s\u00e8ches, apaise durablement et laisse une couleur chaude lumineuse naturelle.  \u2198\ufe0f Informations sur le produit\u00a0","og_url":"https:\/\/tresorsnaturels.tn\/en\/product\/ecran-solaire-invisible\/","og_site_name":"Tr\u00e9sors Naturels","article_publisher":"https:\/\/www.facebook.com\/tresors.naturels.tunisie","article_modified_time":"2026-04-26T11:58:52+00:00","og_image":[{"width":1440,"height":1440,"url":"https:\/\/tresorsnaturels.tn\/wp-content\/uploads\/2026\/04\/Offre2-Ecran-FB.webp","type":"image\/webp"}],"twitter_card":"summary_large_image","twitter_misc":{"Est. reading time":"1 minute"},"schema":{"@context":"https:\/\/schema.org","@graph":[{"@type":"WebPage","@id":"https:\/\/tresorsnaturels.tn\/produit\/ecran-solaire-invisible\/","url":"https:\/\/tresorsnaturels.tn\/produit\/ecran-solaire-invisible\/","name":"\u00c9cran Solaire Min\u00e9ral Invisible \/ Teint\u00e9 + Gloss NATURALIPS Orange Br\u00fbl\u00e9e GRATUIT","isPartOf":{"@id":"https:\/\/tresorsnaturels.tn\/#website"},"primaryImageOfPage":{"@id":"https:\/\/tresorsnaturels.tn\/produit\/ecran-solaire-invisible\/#primaryimage"},"image":{"@id":"https:\/\/tresorsnaturels.tn\/produit\/ecran-solaire-invisible\/#primaryimage"},"thumbnailUrl":"https:\/\/tresorsnaturels.tn\/wp-content\/uploads\/2026\/04\/Offre2-Ecran-FB.webp","datePublished":"2026-04-26T11:44:34+00:00","dateModified":"2026-04-26T11:58:52+00:00","breadcrumb":{"@id":"https:\/\/tresorsnaturels.tn\/produit\/ecran-solaire-invisible\/#breadcrumb"},"inLanguage":"en-US","potentialAction":[{"@type":"ReadAction","target":["https:\/\/tresorsnaturels.tn\/produit\/ecran-solaire-invisible\/"]}]},{"@type":"ImageObject","inLanguage":"en-US","@id":"https:\/\/tresorsnaturels.tn\/produit\/ecran-solaire-invisible\/#primaryimage","url":"https:\/\/tresorsnaturels.tn\/wp-content\/uploads\/2026\/04\/Offre2-Ecran-FB.webp","contentUrl":"https:\/\/tresorsnaturels.tn\/wp-content\/uploads\/2026\/04\/Offre2-Ecran-FB.webp","width":1440,"height":1440},{"@type":"BreadcrumbList","@id":"https:\/\/tresorsnaturels.tn\/produit\/ecran-solaire-invisible\/#breadcrumb","itemListElement":[{"@type":"ListItem","position":1,"name":"Accueil","item":"https:\/\/tresorsnaturels.tn\/"},{"@type":"ListItem","position":2,"name":"Boutique","item":"https:\/\/tresorsnaturels.tn\/shop\/"},{"@type":"ListItem","position":3,"name":"\u00c9cran Solaire Min\u00e9ral Invisible \/ Teint\u00e9 + Gloss NATURALIPS Orange Br\u00fbl\u00e9e GRATUIT"}]},{"@type":"WebSite","@id":"https:\/\/tresorsnaturels.tn\/#website","url":"https:\/\/tresorsnaturels.tn\/","name":"Tr\u00e9sors Naturels","description":"Produits cosm\u00e9tiques naturels en Tunisie","publisher":{"@id":"https:\/\/tresorsnaturels.tn\/#organization"},"potentialAction":[{"@type":"SearchAction","target":{"@type":"EntryPoint","urlTemplate":"https:\/\/tresorsnaturels.tn\/?s={search_term_string}"},"query-input":{"@type":"PropertyValueSpecification","valueRequired":true,"valueName":"search_term_string"}}],"inLanguage":"en-US"},{"@type":"Organization","@id":"https:\/\/tresorsnaturels.tn\/#organization","name":"Tr\u00e9sors Naturels","url":"https:\/\/tresorsnaturels.tn\/","logo":{"@type":"ImageObject","inLanguage":"en-US","@id":"https:\/\/tresorsnaturels.tn\/#\/schema\/logo\/image\/","url":"https:\/\/tresorsnaturels.tn\/wp-content\/uploads\/2025\/03\/Logo-Tresors.png","contentUrl":"https:\/\/tresorsnaturels.tn\/wp-content\/uploads\/2025\/03\/Logo-Tresors.png","width":500,"height":215,"caption":"Tr\u00e9sors Naturels"},"image":{"@id":"https:\/\/tresorsnaturels.tn\/#\/schema\/logo\/image\/"},"sameAs":["https:\/\/www.facebook.com\/tresors.naturels.tunisie","https:\/\/www.instagram.com\/tresors_naturels_officiel"]}]}},"_links":{"self":[{"href":"https:\/\/tresorsnaturels.tn\/en\/wp-json\/wp\/v2\/product\/57353","targetHints":{"allow":["GET"]}}],"collection":[{"href":"https:\/\/tresorsnaturels.tn\/en\/wp-json\/wp\/v2\/product"}],"about":[{"href":"https:\/\/tresorsnaturels.tn\/en\/wp-json\/wp\/v2\/types\/product"}],"replies":[{"embeddable":true,"href":"https:\/\/tresorsnaturels.tn\/en\/wp-json\/wp\/v2\/comments?post=57353"}],"version-history":[{"count":9,"href":"https:\/\/tresorsnaturels.tn\/en\/wp-json\/wp\/v2\/product\/57353\/revisions"}],"predecessor-version":[{"id":57369,"href":"https:\/\/tresorsnaturels.tn\/en\/wp-json\/wp\/v2\/product\/57353\/revisions\/57369"}],"wp:featuredmedia":[{"embeddable":true,"href":"https:\/\/tresorsnaturels.tn\/en\/wp-json\/wp\/v2\/media\/57356"}],"wp:attachment":[{"href":"https:\/\/tresorsnaturels.tn\/en\/wp-json\/wp\/v2\/media?parent=57353"}],"wp:term":[{"taxonomy":"product_brand","embeddable":true,"href":"https:\/\/tresorsnaturels.tn\/en\/wp-json\/wp\/v2\/product_brand?post=57353"},{"taxonomy":"product_cat","embeddable":true,"href":"https:\/\/tresorsnaturels.tn\/en\/wp-json\/wp\/v2\/product_cat?post=57353"},{"taxonomy":"product_tag","embeddable":true,"href":"https:\/\/tresorsnaturels.tn\/en\/wp-json\/wp\/v2\/product_tag?post=57353"}],"curies":[{"name":"wp","href":"https:\/\/api.w.org\/{rel}","templated":true}]}}