{"id":57260,"date":"2026-04-26T18:13:33","date_gmt":"2026-04-26T17:13:33","guid":{"rendered":"https:\/\/tresorsnaturels.tn\/?post_type=product&#038;p=57260"},"modified":"2026-04-27T08:04:27","modified_gmt":"2026-04-27T07:04:27","slug":"duo-multivitamine-shampoing-et-apres-shampoing-a-la-moelle-de-boeuf","status":"publish","type":"product","link":"https:\/\/tresorsnaturels.tn\/en\/product\/duo-multivitamine-shampoing-et-apres-shampoing-a-la-moelle-de-boeuf\/","title":{"rendered":"Duo multivitamin\u00e9 : shampoing et apr\u00e8s-shampoing  \u00e0 la moelle de b\u0153uf"},"content":{"rendered":"","protected":false},"excerpt":{"rendered":"<p>\u2714 Paiement \u00e0 la livraison<br \/>\n\u2714 Laboratoire certifi\u00e9 ISO 22716<br \/>\n\u2714 Naturel \u2022 contr\u00f4l\u00e9 \u2022 efficace<\/p>\n<hr \/>\n<p>Formul\u00e9 \u00e0 base de vitamines, moelle de b\u0153uf et actifs hydratants pour nourrir en profondeur, assouplir, r\u00e9parer les cheveux cassants et renforcer durablement la fibre capillaire, pour des cheveux doux, brillants et visiblement plus sains. Sans sulfates \u2022 Sans silicones.<\/p>","protected":false},"featured_media":57384,"comment_status":"open","ping_status":"closed","template":"","meta":[],"product_brand":[],"product_cat":[75,79],"product_tag":[],"class_list":{"0":"post-57260","1":"product","2":"type-product","3":"status-publish","4":"has-post-thumbnail","6":"product_cat-soins-cheveux-tunisie","7":"product_cat-shampoing-sans-sulfate","10":"instock","11":"shipping-taxable","12":"purchasable","13":"product-type-simple"},"yoast_head":"<!-- This site is optimized with the Yoast SEO Premium plugin v26.2 (Yoast SEO v26.2) - https:\/\/yoast.com\/wordpress\/plugins\/seo\/ -->\n<title>Duo multivitamin\u00e9 : shampoing et apr\u00e8s-shampoing \u00e0 la moelle de b\u0153uf<\/title>\n<meta name=\"robots\" content=\"index, follow, max-snippet:-1, max-image-preview:large, max-video-preview:-1\" \/>\n<link rel=\"canonical\" href=\"https:\/\/tresorsnaturels.tn\/en\/product\/duo-multivitamine-shampoing-et-apres-shampoing-a-la-moelle-de-boeuf\/\" \/>\n<meta property=\"og:locale\" content=\"en_US\" \/>\n<meta property=\"og:type\" content=\"article\" \/>\n<meta property=\"og:title\" content=\"Duo multivitamin\u00e9 : shampoing et apr\u00e8s-shampoing \u00e0 la moelle de b\u0153uf\" \/>\n<meta property=\"og:description\" content=\"\u2714 Paiement \u00e0 la livraison \u2714 Laboratoire certifi\u00e9 ISO 22716 \u2714 Naturel \u2022 contr\u00f4l\u00e9 \u2022 efficace    Formul\u00e9 \u00e0 base de vitamines, moelle de b\u0153uf et actifs hydratants pour nourrir en profondeur, assouplir, r\u00e9parer les cheveux cassants et renforcer durablement la fibre capillaire, pour des cheveux doux, brillants et visiblement plus sains. Sans sulfates \u2022 Sans silicones.\" \/>\n<meta property=\"og:url\" content=\"https:\/\/tresorsnaturels.tn\/en\/product\/duo-multivitamine-shampoing-et-apres-shampoing-a-la-moelle-de-boeuf\/\" \/>\n<meta property=\"og:site_name\" content=\"Tr\u00e9sors Naturels\" \/>\n<meta property=\"article:publisher\" content=\"https:\/\/www.facebook.com\/tresors.naturels.tunisie\" \/>\n<meta property=\"article:modified_time\" content=\"2026-04-27T07:04:27+00:00\" \/>\n<meta property=\"og:image\" content=\"https:\/\/tresorsnaturels.tn\/wp-content\/uploads\/2026\/04\/shampoing.webp\" \/>\n\t<meta property=\"og:image:width\" content=\"1440\" \/>\n\t<meta property=\"og:image:height\" content=\"1440\" \/>\n\t<meta property=\"og:image:type\" content=\"image\/webp\" \/>\n<meta name=\"twitter:card\" content=\"summary_large_image\" \/>\n<meta name=\"twitter:label1\" content=\"Est. reading time\" \/>\n\t<meta name=\"twitter:data1\" content=\"1 minute\" \/>\n<script type=\"application\/ld+json\" class=\"yoast-schema-graph\">{\"@context\":\"https:\/\/schema.org\",\"@graph\":[{\"@type\":\"WebPage\",\"@id\":\"https:\/\/tresorsnaturels.tn\/produit\/duo-multivitamine-shampoing-et-apres-shampoing-a-la-moelle-de-boeuf\/\",\"url\":\"https:\/\/tresorsnaturels.tn\/produit\/duo-multivitamine-shampoing-et-apres-shampoing-a-la-moelle-de-boeuf\/\",\"name\":\"Duo multivitamin\u00e9 : shampoing et apr\u00e8s-shampoing \u00e0 la moelle de b\u0153uf\",\"isPartOf\":{\"@id\":\"https:\/\/tresorsnaturels.tn\/#website\"},\"primaryImageOfPage\":{\"@id\":\"https:\/\/tresorsnaturels.tn\/produit\/duo-multivitamine-shampoing-et-apres-shampoing-a-la-moelle-de-boeuf\/#primaryimage\"},\"image\":{\"@id\":\"https:\/\/tresorsnaturels.tn\/produit\/duo-multivitamine-shampoing-et-apres-shampoing-a-la-moelle-de-boeuf\/#primaryimage\"},\"thumbnailUrl\":\"https:\/\/tresorsnaturels.tn\/wp-content\/uploads\/2026\/04\/shampoing.webp\",\"datePublished\":\"2026-04-26T17:13:33+00:00\",\"dateModified\":\"2026-04-27T07:04:27+00:00\",\"breadcrumb\":{\"@id\":\"https:\/\/tresorsnaturels.tn\/produit\/duo-multivitamine-shampoing-et-apres-shampoing-a-la-moelle-de-boeuf\/#breadcrumb\"},\"inLanguage\":\"en-US\",\"potentialAction\":[{\"@type\":\"ReadAction\",\"target\":[\"https:\/\/tresorsnaturels.tn\/produit\/duo-multivitamine-shampoing-et-apres-shampoing-a-la-moelle-de-boeuf\/\"]}]},{\"@type\":\"ImageObject\",\"inLanguage\":\"en-US\",\"@id\":\"https:\/\/tresorsnaturels.tn\/produit\/duo-multivitamine-shampoing-et-apres-shampoing-a-la-moelle-de-boeuf\/#primaryimage\",\"url\":\"https:\/\/tresorsnaturels.tn\/wp-content\/uploads\/2026\/04\/shampoing.webp\",\"contentUrl\":\"https:\/\/tresorsnaturels.tn\/wp-content\/uploads\/2026\/04\/shampoing.webp\",\"width\":1440,\"height\":1440},{\"@type\":\"BreadcrumbList\",\"@id\":\"https:\/\/tresorsnaturels.tn\/produit\/duo-multivitamine-shampoing-et-apres-shampoing-a-la-moelle-de-boeuf\/#breadcrumb\",\"itemListElement\":[{\"@type\":\"ListItem\",\"position\":1,\"name\":\"Accueil\",\"item\":\"https:\/\/tresorsnaturels.tn\/\"},{\"@type\":\"ListItem\",\"position\":2,\"name\":\"Boutique\",\"item\":\"https:\/\/tresorsnaturels.tn\/shop\/\"},{\"@type\":\"ListItem\",\"position\":3,\"name\":\"Duo multivitamin\u00e9 : shampoing et apr\u00e8s-shampoing \u00e0 la moelle de b\u0153uf\"}]},{\"@type\":\"WebSite\",\"@id\":\"https:\/\/tresorsnaturels.tn\/#website\",\"url\":\"https:\/\/tresorsnaturels.tn\/\",\"name\":\"Tr\u00e9sors Naturels\",\"description\":\"Produits cosm\u00e9tiques naturels en Tunisie\",\"publisher\":{\"@id\":\"https:\/\/tresorsnaturels.tn\/#organization\"},\"potentialAction\":[{\"@type\":\"SearchAction\",\"target\":{\"@type\":\"EntryPoint\",\"urlTemplate\":\"https:\/\/tresorsnaturels.tn\/?s={search_term_string}\"},\"query-input\":{\"@type\":\"PropertyValueSpecification\",\"valueRequired\":true,\"valueName\":\"search_term_string\"}}],\"inLanguage\":\"en-US\"},{\"@type\":\"Organization\",\"@id\":\"https:\/\/tresorsnaturels.tn\/#organization\",\"name\":\"Tr\u00e9sors Naturels\",\"url\":\"https:\/\/tresorsnaturels.tn\/\",\"logo\":{\"@type\":\"ImageObject\",\"inLanguage\":\"en-US\",\"@id\":\"https:\/\/tresorsnaturels.tn\/#\/schema\/logo\/image\/\",\"url\":\"https:\/\/tresorsnaturels.tn\/wp-content\/uploads\/2025\/03\/Logo-Tresors.png\",\"contentUrl\":\"https:\/\/tresorsnaturels.tn\/wp-content\/uploads\/2025\/03\/Logo-Tresors.png\",\"width\":500,\"height\":215,\"caption\":\"Tr\u00e9sors Naturels\"},\"image\":{\"@id\":\"https:\/\/tresorsnaturels.tn\/#\/schema\/logo\/image\/\"},\"sameAs\":[\"https:\/\/www.facebook.com\/tresors.naturels.tunisie\",\"https:\/\/www.instagram.com\/tresors_naturels_officiel\"]}]}<\/script>\n<!-- \/ Yoast SEO Premium plugin. -->","yoast_head_json":{"title":"Duo multivitamin\u00e9 : shampoing et apr\u00e8s-shampoing \u00e0 la moelle de b\u0153uf","robots":{"index":"index","follow":"follow","max-snippet":"max-snippet:-1","max-image-preview":"max-image-preview:large","max-video-preview":"max-video-preview:-1"},"canonical":"https:\/\/tresorsnaturels.tn\/en\/product\/duo-multivitamine-shampoing-et-apres-shampoing-a-la-moelle-de-boeuf\/","og_locale":"en_US","og_type":"article","og_title":"Duo multivitamin\u00e9 : shampoing et apr\u00e8s-shampoing \u00e0 la moelle de b\u0153uf","og_description":"\u2714 Paiement \u00e0 la livraison \u2714 Laboratoire certifi\u00e9 ISO 22716 \u2714 Naturel \u2022 contr\u00f4l\u00e9 \u2022 efficace    Formul\u00e9 \u00e0 base de vitamines, moelle de b\u0153uf et actifs hydratants pour nourrir en profondeur, assouplir, r\u00e9parer les cheveux cassants et renforcer durablement la fibre capillaire, pour des cheveux doux, brillants et visiblement plus sains. Sans sulfates \u2022 Sans silicones.","og_url":"https:\/\/tresorsnaturels.tn\/en\/product\/duo-multivitamine-shampoing-et-apres-shampoing-a-la-moelle-de-boeuf\/","og_site_name":"Tr\u00e9sors Naturels","article_publisher":"https:\/\/www.facebook.com\/tresors.naturels.tunisie","article_modified_time":"2026-04-27T07:04:27+00:00","og_image":[{"width":1440,"height":1440,"url":"https:\/\/tresorsnaturels.tn\/wp-content\/uploads\/2026\/04\/shampoing.webp","type":"image\/webp"}],"twitter_card":"summary_large_image","twitter_misc":{"Est. reading time":"1 minute"},"schema":{"@context":"https:\/\/schema.org","@graph":[{"@type":"WebPage","@id":"https:\/\/tresorsnaturels.tn\/produit\/duo-multivitamine-shampoing-et-apres-shampoing-a-la-moelle-de-boeuf\/","url":"https:\/\/tresorsnaturels.tn\/produit\/duo-multivitamine-shampoing-et-apres-shampoing-a-la-moelle-de-boeuf\/","name":"Duo multivitamin\u00e9 : shampoing et apr\u00e8s-shampoing \u00e0 la moelle de b\u0153uf","isPartOf":{"@id":"https:\/\/tresorsnaturels.tn\/#website"},"primaryImageOfPage":{"@id":"https:\/\/tresorsnaturels.tn\/produit\/duo-multivitamine-shampoing-et-apres-shampoing-a-la-moelle-de-boeuf\/#primaryimage"},"image":{"@id":"https:\/\/tresorsnaturels.tn\/produit\/duo-multivitamine-shampoing-et-apres-shampoing-a-la-moelle-de-boeuf\/#primaryimage"},"thumbnailUrl":"https:\/\/tresorsnaturels.tn\/wp-content\/uploads\/2026\/04\/shampoing.webp","datePublished":"2026-04-26T17:13:33+00:00","dateModified":"2026-04-27T07:04:27+00:00","breadcrumb":{"@id":"https:\/\/tresorsnaturels.tn\/produit\/duo-multivitamine-shampoing-et-apres-shampoing-a-la-moelle-de-boeuf\/#breadcrumb"},"inLanguage":"en-US","potentialAction":[{"@type":"ReadAction","target":["https:\/\/tresorsnaturels.tn\/produit\/duo-multivitamine-shampoing-et-apres-shampoing-a-la-moelle-de-boeuf\/"]}]},{"@type":"ImageObject","inLanguage":"en-US","@id":"https:\/\/tresorsnaturels.tn\/produit\/duo-multivitamine-shampoing-et-apres-shampoing-a-la-moelle-de-boeuf\/#primaryimage","url":"https:\/\/tresorsnaturels.tn\/wp-content\/uploads\/2026\/04\/shampoing.webp","contentUrl":"https:\/\/tresorsnaturels.tn\/wp-content\/uploads\/2026\/04\/shampoing.webp","width":1440,"height":1440},{"@type":"BreadcrumbList","@id":"https:\/\/tresorsnaturels.tn\/produit\/duo-multivitamine-shampoing-et-apres-shampoing-a-la-moelle-de-boeuf\/#breadcrumb","itemListElement":[{"@type":"ListItem","position":1,"name":"Accueil","item":"https:\/\/tresorsnaturels.tn\/"},{"@type":"ListItem","position":2,"name":"Boutique","item":"https:\/\/tresorsnaturels.tn\/shop\/"},{"@type":"ListItem","position":3,"name":"Duo multivitamin\u00e9 : shampoing et apr\u00e8s-shampoing \u00e0 la moelle de b\u0153uf"}]},{"@type":"WebSite","@id":"https:\/\/tresorsnaturels.tn\/#website","url":"https:\/\/tresorsnaturels.tn\/","name":"Tr\u00e9sors Naturels","description":"Produits cosm\u00e9tiques naturels en Tunisie","publisher":{"@id":"https:\/\/tresorsnaturels.tn\/#organization"},"potentialAction":[{"@type":"SearchAction","target":{"@type":"EntryPoint","urlTemplate":"https:\/\/tresorsnaturels.tn\/?s={search_term_string}"},"query-input":{"@type":"PropertyValueSpecification","valueRequired":true,"valueName":"search_term_string"}}],"inLanguage":"en-US"},{"@type":"Organization","@id":"https:\/\/tresorsnaturels.tn\/#organization","name":"Tr\u00e9sors Naturels","url":"https:\/\/tresorsnaturels.tn\/","logo":{"@type":"ImageObject","inLanguage":"en-US","@id":"https:\/\/tresorsnaturels.tn\/#\/schema\/logo\/image\/","url":"https:\/\/tresorsnaturels.tn\/wp-content\/uploads\/2025\/03\/Logo-Tresors.png","contentUrl":"https:\/\/tresorsnaturels.tn\/wp-content\/uploads\/2025\/03\/Logo-Tresors.png","width":500,"height":215,"caption":"Tr\u00e9sors Naturels"},"image":{"@id":"https:\/\/tresorsnaturels.tn\/#\/schema\/logo\/image\/"},"sameAs":["https:\/\/www.facebook.com\/tresors.naturels.tunisie","https:\/\/www.instagram.com\/tresors_naturels_officiel"]}]}},"_links":{"self":[{"href":"https:\/\/tresorsnaturels.tn\/en\/wp-json\/wp\/v2\/product\/57260","targetHints":{"allow":["GET"]}}],"collection":[{"href":"https:\/\/tresorsnaturels.tn\/en\/wp-json\/wp\/v2\/product"}],"about":[{"href":"https:\/\/tresorsnaturels.tn\/en\/wp-json\/wp\/v2\/types\/product"}],"replies":[{"embeddable":true,"href":"https:\/\/tresorsnaturels.tn\/en\/wp-json\/wp\/v2\/comments?post=57260"}],"version-history":[{"count":2,"href":"https:\/\/tresorsnaturels.tn\/en\/wp-json\/wp\/v2\/product\/57260\/revisions"}],"predecessor-version":[{"id":57385,"href":"https:\/\/tresorsnaturels.tn\/en\/wp-json\/wp\/v2\/product\/57260\/revisions\/57385"}],"wp:featuredmedia":[{"embeddable":true,"href":"https:\/\/tresorsnaturels.tn\/en\/wp-json\/wp\/v2\/media\/57384"}],"wp:attachment":[{"href":"https:\/\/tresorsnaturels.tn\/en\/wp-json\/wp\/v2\/media?parent=57260"}],"wp:term":[{"taxonomy":"product_brand","embeddable":true,"href":"https:\/\/tresorsnaturels.tn\/en\/wp-json\/wp\/v2\/product_brand?post=57260"},{"taxonomy":"product_cat","embeddable":true,"href":"https:\/\/tresorsnaturels.tn\/en\/wp-json\/wp\/v2\/product_cat?post=57260"},{"taxonomy":"product_tag","embeddable":true,"href":"https:\/\/tresorsnaturels.tn\/en\/wp-json\/wp\/v2\/product_tag?post=57260"}],"curies":[{"name":"wp","href":"https:\/\/api.w.org\/{rel}","templated":true}]}}