{"id":54581,"date":"2026-03-27T20:12:56","date_gmt":"2026-03-27T19:12:56","guid":{"rendered":"https:\/\/tresorsnaturels.tn\/?post_type=product&#038;p=54581"},"modified":"2026-04-04T09:24:40","modified_gmt":"2026-04-04T08:24:40","slug":"gel-douche-arabian-flower-musk","status":"publish","type":"product","link":"https:\/\/tresorsnaturels.tn\/en\/product\/gel-douche-arabian-flower-musk\/","title":{"rendered":"Gel Douche Arabian Flower \u2013 Musk"},"content":{"rendered":"<div data-elementor-type=\"wp-post\" data-elementor-id=\"54581\" class=\"elementor elementor-54581\">\n\t\t\t\t<div class=\"elementor-element elementor-element-aa9e30b e-flex e-con-boxed e-con e-parent\" data-id=\"aa9e30b\" data-element_type=\"container\">\n\t\t\t\t\t<div class=\"e-con-inner\">\n\t\t\t\t<div class=\"elementor-element elementor-element-2afbe553 elementor-widget elementor-widget-n-accordion\" data-id=\"2afbe553\" data-element_type=\"widget\" data-settings=\"{&quot;default_state&quot;:&quot;expanded&quot;,&quot;max_items_expended&quot;:&quot;one&quot;,&quot;n_accordion_animation_duration&quot;:{&quot;unit&quot;:&quot;ms&quot;,&quot;size&quot;:400,&quot;sizes&quot;:[]}}\" data-widget_type=\"nested-accordion.default\">\n\t\t\t\t<div class=\"elementor-widget-container\">\n\t\t\t\t\t\t\t<div class=\"e-n-accordion\" aria-label=\"Accordion. Open links with Enter or Space, close with Escape, and navigate with Arrow Keys\">\n\t\t\t\t\t\t<details id=\"e-n-accordion-item-7210\" class=\"e-n-accordion-item\" open>\n\t\t\t\t<summary class=\"e-n-accordion-item-title\" data-accordion-index=\"1\" tabindex=\"0\" aria-expanded=\"true\" aria-controls=\"e-n-accordion-item-7210\" >\n\t\t\t\t\t<span class='e-n-accordion-item-title-header'><div class=\"e-n-accordion-item-title-text\"> Composition <\/div><\/span>\n\t\t\t\t\t\t\t<span class='e-n-accordion-item-title-icon'>\n\t\t\t<span class='e-opened' ><svg aria-hidden=\"true\" class=\"e-font-icon-svg e-fas-minus\" viewbox=\"0 0 448 512\" xmlns=\"http:\/\/www.w3.org\/2000\/svg\"><path d=\"M416 208H32c-17.67 0-32 14.33-32 32v32c0 17.67 14.33 32 32 32h384c17.67 0 32-14.33 32-32v-32c0-17.67-14.33-32-32-32z\"><\/path><\/svg><\/span>\n\t\t\t<span class='e-closed'><svg aria-hidden=\"true\" class=\"e-font-icon-svg e-fas-plus\" viewbox=\"0 0 448 512\" xmlns=\"http:\/\/www.w3.org\/2000\/svg\"><path d=\"M416 208H272V64c0-17.67-14.33-32-32-32h-32c-17.67 0-32 14.33-32 32v144H32c-17.67 0-32 14.33-32 32v32c0 17.67 14.33 32 32 32h144v144c0 17.67 14.33 32 32 32h32c17.67 0 32-14.33 32-32V304h144c17.67 0 32-14.33 32-32v-32c0-17.67-14.33-32-32-32z\"><\/path><\/svg><\/span>\n\t\t<\/span>\n\n\t\t\t\t\t\t<\/summary>\n\t\t\t\t<div role=\"region\" aria-labelledby=\"e-n-accordion-item-7210\" class=\"elementor-element elementor-element-43217d5 e-flex e-con-boxed e-con e-child\" data-id=\"43217d5\" data-element_type=\"container\">\n\t\t\t\t\t<div class=\"e-con-inner\">\n\t\t\t\t<div class=\"elementor-element elementor-element-4ed2642c elementor-widget elementor-widget-text-editor\" data-id=\"4ed2642c\" data-element_type=\"widget\" data-widget_type=\"text-editor.default\">\n\t\t\t\t<div class=\"elementor-widget-container\">\n\t\t\t\t\t\t\t\t\t<p>Gel d\u2019aloe vera, huile d\u2019amande douce, huile d\u2019olive, beurre de karit\u00e9.<\/p>\t\t\t\t\t\t\t\t<\/div>\n\t\t\t\t<\/div>\n\t\t\t\t\t<\/div>\n\t\t\t\t<\/div>\n\t\t\t\t\t<\/details>\n\t\t\t\t\t\t<details id=\"e-n-accordion-item-7211\" class=\"e-n-accordion-item\" >\n\t\t\t\t<summary class=\"e-n-accordion-item-title\" data-accordion-index=\"2\" tabindex=\"-1\" aria-expanded=\"false\" aria-controls=\"e-n-accordion-item-7211\" >\n\t\t\t\t\t<span class='e-n-accordion-item-title-header'><div class=\"e-n-accordion-item-title-text\"> Conseils d'utilisation <\/div><\/span>\n\t\t\t\t\t\t\t<span class='e-n-accordion-item-title-icon'>\n\t\t\t<span class='e-opened' ><svg aria-hidden=\"true\" class=\"e-font-icon-svg e-fas-minus\" viewbox=\"0 0 448 512\" xmlns=\"http:\/\/www.w3.org\/2000\/svg\"><path d=\"M416 208H32c-17.67 0-32 14.33-32 32v32c0 17.67 14.33 32 32 32h384c17.67 0 32-14.33 32-32v-32c0-17.67-14.33-32-32-32z\"><\/path><\/svg><\/span>\n\t\t\t<span class='e-closed'><svg aria-hidden=\"true\" class=\"e-font-icon-svg e-fas-plus\" viewbox=\"0 0 448 512\" xmlns=\"http:\/\/www.w3.org\/2000\/svg\"><path d=\"M416 208H272V64c0-17.67-14.33-32-32-32h-32c-17.67 0-32 14.33-32 32v144H32c-17.67 0-32 14.33-32 32v32c0 17.67 14.33 32 32 32h144v144c0 17.67 14.33 32 32 32h32c17.67 0 32-14.33 32-32V304h144c17.67 0 32-14.33 32-32v-32c0-17.67-14.33-32-32-32z\"><\/path><\/svg><\/span>\n\t\t<\/span>\n\n\t\t\t\t\t\t<\/summary>\n\t\t\t\t<div role=\"region\" aria-labelledby=\"e-n-accordion-item-7211\" class=\"elementor-element elementor-element-107a2474 e-con-full e-flex e-con e-child\" data-id=\"107a2474\" data-element_type=\"container\">\n\t\t\t\t<div class=\"elementor-element elementor-element-4c070dd9 elementor-widget elementor-widget-text-editor\" data-id=\"4c070dd9\" data-element_type=\"widget\" data-widget_type=\"text-editor.default\">\n\t\t\t\t<div class=\"elementor-widget-container\">\n\t\t\t\t\t\t\t\t\t<p>Appliquer sur peau mouill\u00e9e, faire mousser d\u00e9licatement puis rincer<\/p>\t\t\t\t\t\t\t\t<\/div>\n\t\t\t\t<\/div>\n\t\t\t\t<\/div>\n\t\t\t\t\t<\/details>\n\t\t\t\t\t\t<details id=\"e-n-accordion-item-7212\" class=\"e-n-accordion-item\" >\n\t\t\t\t<summary class=\"e-n-accordion-item-title\" data-accordion-index=\"3\" tabindex=\"-1\" aria-expanded=\"false\" aria-controls=\"e-n-accordion-item-7212\" >\n\t\t\t\t\t<span class='e-n-accordion-item-title-header'><div class=\"e-n-accordion-item-title-text\"> Ingr\u00e9dients <\/div><\/span>\n\t\t\t\t\t\t\t<span class='e-n-accordion-item-title-icon'>\n\t\t\t<span class='e-opened' ><svg aria-hidden=\"true\" class=\"e-font-icon-svg e-fas-minus\" viewbox=\"0 0 448 512\" xmlns=\"http:\/\/www.w3.org\/2000\/svg\"><path d=\"M416 208H32c-17.67 0-32 14.33-32 32v32c0 17.67 14.33 32 32 32h384c17.67 0 32-14.33 32-32v-32c0-17.67-14.33-32-32-32z\"><\/path><\/svg><\/span>\n\t\t\t<span class='e-closed'><svg aria-hidden=\"true\" class=\"e-font-icon-svg e-fas-plus\" viewbox=\"0 0 448 512\" xmlns=\"http:\/\/www.w3.org\/2000\/svg\"><path d=\"M416 208H272V64c0-17.67-14.33-32-32-32h-32c-17.67 0-32 14.33-32 32v144H32c-17.67 0-32 14.33-32 32v32c0 17.67 14.33 32 32 32h144v144c0 17.67 14.33 32 32 32h32c17.67 0 32-14.33 32-32V304h144c17.67 0 32-14.33 32-32v-32c0-17.67-14.33-32-32-32z\"><\/path><\/svg><\/span>\n\t\t<\/span>\n\n\t\t\t\t\t\t<\/summary>\n\t\t\t\t<div role=\"region\" aria-labelledby=\"e-n-accordion-item-7212\" class=\"elementor-element elementor-element-295e312e e-flex e-con-boxed e-con e-child\" data-id=\"295e312e\" data-element_type=\"container\">\n\t\t\t\t\t<div class=\"e-con-inner\">\n\t\t\t\t<div class=\"elementor-element elementor-element-4613dc6 elementor-widget elementor-widget-text-editor\" data-id=\"4613dc6\" data-element_type=\"widget\" data-widget_type=\"text-editor.default\">\n\t\t\t\t<div class=\"elementor-widget-container\">\n\t\t\t\t\t\t\t\t\t<p>Aqua, Cocamidopropyl betaine, Coco glucoside, Glyceryl oleate, Aloe barbadensis leaf juice, Prunus amygdalus dulcis oil, Olea europaea fruit oil, Butyrospermum parkii butter, Urea, Xanthan gum, Benzyl alcohol, Dehydroacetic acid, Fragrance.<\/p>\t\t\t\t\t\t\t\t<\/div>\n\t\t\t\t<\/div>\n\t\t\t\t\t<\/div>\n\t\t\t\t<\/div>\n\t\t\t\t\t<\/details>\n\t\t\t\t\t<\/div>\n\t\t\t\t\t\t<\/div>\n\t\t\t\t<\/div>\n\t\t\t\t\t<\/div>\n\t\t\t\t<\/div>\n\t\t\t\t<\/div>","protected":false},"excerpt":{"rendered":"<p><strong>\u2728\ufe0fHydratation Douce, Odeur Sublime &amp; Musk F\u00e9minin Longue Tenue<\/strong><\/p>\n<p>Musk authentique, doux, f\u00e9minin et tr\u00e8s s\u00e9duisant.<\/p>\n<p><strong>\u2728 Odeur sublime longue dur\u00e9e<\/strong><\/p>\n<p>Une fragrance d\u00e9licate qui reste sur la peau m\u00eame apr\u00e8s la douche.<\/p>\n<p><strong>\u2728 Actifs Hydratants Naturels<\/strong><\/p>\n<p>Enrichi en aloe vera, huiles v\u00e9g\u00e9tales et beurre de karit\u00e9 pour nettoyer sans dess\u00e9cher.<\/p>\n<p><strong>\u2728\ufe0fDouceur extr\u00eame &amp; hydratation durable<\/strong><\/p>\n<p>Laisse la peau propre, souple, intens\u00e9ment douce et d\u00e9licatement parfum\u00e9e.<\/p>\n<p><strong>\u2728 Formule issue de l\u2019expertise cosm\u00e9tique<\/strong><br \/>\nD\u00e9velopp\u00e9e selon des standards de qualit\u00e9 pour respecter l\u2019\u00e9quilibre naturel de la peau.<\/p>","protected":false},"featured_media":55023,"comment_status":"open","ping_status":"closed","template":"","meta":[],"product_brand":[],"product_cat":[105,111,110],"product_tag":[],"class_list":{"0":"post-54581","1":"product","2":"type-product","3":"status-publish","4":"has-post-thumbnail","6":"product_cat-corps","7":"product_cat-arabian-flower","8":"product_cat-gels-douches","11":"instock","12":"shipping-taxable","13":"purchasable","14":"product-type-simple"},"yoast_head":"<!-- This site is optimized with the Yoast SEO Premium plugin v26.2 (Yoast SEO v26.2) - https:\/\/yoast.com\/wordpress\/plugins\/seo\/ -->\n<title>Gel Douche Arabian Flower \u2013 Musk<\/title>\n<meta name=\"robots\" content=\"index, follow, max-snippet:-1, max-image-preview:large, max-video-preview:-1\" \/>\n<link rel=\"canonical\" href=\"https:\/\/tresorsnaturels.tn\/en\/product\/gel-douche-arabian-flower-musk\/\" \/>\n<meta property=\"og:locale\" content=\"en_US\" \/>\n<meta property=\"og:type\" content=\"article\" \/>\n<meta property=\"og:title\" content=\"Gel Douche Arabian Flower \u2013 Musk\" \/>\n<meta property=\"og:description\" content=\"\u2728\ufe0fHydratation Douce, Odeur Sublime &amp; Musk F\u00e9minin Longue Tenue  Musk authentique, doux, f\u00e9minin et tr\u00e8s s\u00e9duisant.  \u2728 Odeur sublime longue dur\u00e9e  Une fragrance d\u00e9licate qui reste sur la peau m\u00eame apr\u00e8s la douche.  \u2728 Actifs Hydratants Naturels  Enrichi en aloe vera, huiles v\u00e9g\u00e9tales et beurre de karit\u00e9 pour nettoyer sans dess\u00e9cher.  \u2728\ufe0fDouceur extr\u00eame &amp; hydratation durable  Laisse la peau propre, souple, intens\u00e9ment douce et d\u00e9licatement parfum\u00e9e.  \u2728 Formule issue de l\u2019expertise cosm\u00e9tique D\u00e9velopp\u00e9e selon des standards de qualit\u00e9 pour respecter l\u2019\u00e9quilibre naturel de la peau.\" \/>\n<meta property=\"og:url\" content=\"https:\/\/tresorsnaturels.tn\/en\/product\/gel-douche-arabian-flower-musk\/\" \/>\n<meta property=\"og:site_name\" content=\"Tr\u00e9sors Naturels\" \/>\n<meta property=\"article:publisher\" content=\"https:\/\/www.facebook.com\/tresors.naturels.tunisie\" \/>\n<meta property=\"article:modified_time\" content=\"2026-04-04T08:24:40+00:00\" \/>\n<meta property=\"og:image\" content=\"https:\/\/tresorsnaturels.tn\/wp-content\/uploads\/2026\/03\/Musk-fb1.webp\" \/>\n\t<meta property=\"og:image:width\" content=\"1080\" \/>\n\t<meta property=\"og:image:height\" content=\"1080\" \/>\n\t<meta property=\"og:image:type\" content=\"image\/webp\" \/>\n<meta name=\"twitter:card\" content=\"summary_large_image\" \/>\n<meta name=\"twitter:label1\" content=\"Est. reading time\" \/>\n\t<meta name=\"twitter:data1\" content=\"1 minute\" \/>\n<script type=\"application\/ld+json\" class=\"yoast-schema-graph\">{\"@context\":\"https:\/\/schema.org\",\"@graph\":[{\"@type\":\"WebPage\",\"@id\":\"https:\/\/tresorsnaturels.tn\/produit\/gel-douche-arabian-flower-musk\/\",\"url\":\"https:\/\/tresorsnaturels.tn\/produit\/gel-douche-arabian-flower-musk\/\",\"name\":\"Gel Douche Arabian Flower \u2013 Musk\",\"isPartOf\":{\"@id\":\"https:\/\/tresorsnaturels.tn\/#website\"},\"primaryImageOfPage\":{\"@id\":\"https:\/\/tresorsnaturels.tn\/produit\/gel-douche-arabian-flower-musk\/#primaryimage\"},\"image\":{\"@id\":\"https:\/\/tresorsnaturels.tn\/produit\/gel-douche-arabian-flower-musk\/#primaryimage\"},\"thumbnailUrl\":\"https:\/\/tresorsnaturels.tn\/wp-content\/uploads\/2026\/03\/Musk-fb1.webp\",\"datePublished\":\"2026-03-27T19:12:56+00:00\",\"dateModified\":\"2026-04-04T08:24:40+00:00\",\"breadcrumb\":{\"@id\":\"https:\/\/tresorsnaturels.tn\/produit\/gel-douche-arabian-flower-musk\/#breadcrumb\"},\"inLanguage\":\"en-US\",\"potentialAction\":[{\"@type\":\"ReadAction\",\"target\":[\"https:\/\/tresorsnaturels.tn\/produit\/gel-douche-arabian-flower-musk\/\"]}]},{\"@type\":\"ImageObject\",\"inLanguage\":\"en-US\",\"@id\":\"https:\/\/tresorsnaturels.tn\/produit\/gel-douche-arabian-flower-musk\/#primaryimage\",\"url\":\"https:\/\/tresorsnaturels.tn\/wp-content\/uploads\/2026\/03\/Musk-fb1.webp\",\"contentUrl\":\"https:\/\/tresorsnaturels.tn\/wp-content\/uploads\/2026\/03\/Musk-fb1.webp\",\"width\":1080,\"height\":1080},{\"@type\":\"BreadcrumbList\",\"@id\":\"https:\/\/tresorsnaturels.tn\/produit\/gel-douche-arabian-flower-musk\/#breadcrumb\",\"itemListElement\":[{\"@type\":\"ListItem\",\"position\":1,\"name\":\"Accueil\",\"item\":\"https:\/\/tresorsnaturels.tn\/\"},{\"@type\":\"ListItem\",\"position\":2,\"name\":\"Boutique\",\"item\":\"https:\/\/tresorsnaturels.tn\/shop\/\"},{\"@type\":\"ListItem\",\"position\":3,\"name\":\"Gel Douche Arabian Flower \u2013 Musk\"}]},{\"@type\":\"WebSite\",\"@id\":\"https:\/\/tresorsnaturels.tn\/#website\",\"url\":\"https:\/\/tresorsnaturels.tn\/\",\"name\":\"Tr\u00e9sors Naturels\",\"description\":\"Produits cosm\u00e9tiques naturels en Tunisie\",\"publisher\":{\"@id\":\"https:\/\/tresorsnaturels.tn\/#organization\"},\"potentialAction\":[{\"@type\":\"SearchAction\",\"target\":{\"@type\":\"EntryPoint\",\"urlTemplate\":\"https:\/\/tresorsnaturels.tn\/?s={search_term_string}\"},\"query-input\":{\"@type\":\"PropertyValueSpecification\",\"valueRequired\":true,\"valueName\":\"search_term_string\"}}],\"inLanguage\":\"en-US\"},{\"@type\":\"Organization\",\"@id\":\"https:\/\/tresorsnaturels.tn\/#organization\",\"name\":\"Tr\u00e9sors Naturels\",\"url\":\"https:\/\/tresorsnaturels.tn\/\",\"logo\":{\"@type\":\"ImageObject\",\"inLanguage\":\"en-US\",\"@id\":\"https:\/\/tresorsnaturels.tn\/#\/schema\/logo\/image\/\",\"url\":\"https:\/\/tresorsnaturels.tn\/wp-content\/uploads\/2025\/03\/Logo-Tresors.png\",\"contentUrl\":\"https:\/\/tresorsnaturels.tn\/wp-content\/uploads\/2025\/03\/Logo-Tresors.png\",\"width\":500,\"height\":215,\"caption\":\"Tr\u00e9sors Naturels\"},\"image\":{\"@id\":\"https:\/\/tresorsnaturels.tn\/#\/schema\/logo\/image\/\"},\"sameAs\":[\"https:\/\/www.facebook.com\/tresors.naturels.tunisie\",\"https:\/\/www.instagram.com\/tresors_naturels_officiel\"]}]}<\/script>\n<!-- \/ Yoast SEO Premium plugin. -->","yoast_head_json":{"title":"Gel Douche Arabian Flower \u2013 Musk","robots":{"index":"index","follow":"follow","max-snippet":"max-snippet:-1","max-image-preview":"max-image-preview:large","max-video-preview":"max-video-preview:-1"},"canonical":"https:\/\/tresorsnaturels.tn\/en\/product\/gel-douche-arabian-flower-musk\/","og_locale":"en_US","og_type":"article","og_title":"Gel Douche Arabian Flower \u2013 Musk","og_description":"\u2728\ufe0fHydratation Douce, Odeur Sublime &amp; Musk F\u00e9minin Longue Tenue  Musk authentique, doux, f\u00e9minin et tr\u00e8s s\u00e9duisant.  \u2728 Odeur sublime longue dur\u00e9e  Une fragrance d\u00e9licate qui reste sur la peau m\u00eame apr\u00e8s la douche.  \u2728 Actifs Hydratants Naturels  Enrichi en aloe vera, huiles v\u00e9g\u00e9tales et beurre de karit\u00e9 pour nettoyer sans dess\u00e9cher.  \u2728\ufe0fDouceur extr\u00eame &amp; hydratation durable  Laisse la peau propre, souple, intens\u00e9ment douce et d\u00e9licatement parfum\u00e9e.  \u2728 Formule issue de l\u2019expertise cosm\u00e9tique D\u00e9velopp\u00e9e selon des standards de qualit\u00e9 pour respecter l\u2019\u00e9quilibre naturel de la peau.","og_url":"https:\/\/tresorsnaturels.tn\/en\/product\/gel-douche-arabian-flower-musk\/","og_site_name":"Tr\u00e9sors Naturels","article_publisher":"https:\/\/www.facebook.com\/tresors.naturels.tunisie","article_modified_time":"2026-04-04T08:24:40+00:00","og_image":[{"width":1080,"height":1080,"url":"https:\/\/tresorsnaturels.tn\/wp-content\/uploads\/2026\/03\/Musk-fb1.webp","type":"image\/webp"}],"twitter_card":"summary_large_image","twitter_misc":{"Est. reading time":"1 minute"},"schema":{"@context":"https:\/\/schema.org","@graph":[{"@type":"WebPage","@id":"https:\/\/tresorsnaturels.tn\/produit\/gel-douche-arabian-flower-musk\/","url":"https:\/\/tresorsnaturels.tn\/produit\/gel-douche-arabian-flower-musk\/","name":"Gel Douche Arabian Flower \u2013 Musk","isPartOf":{"@id":"https:\/\/tresorsnaturels.tn\/#website"},"primaryImageOfPage":{"@id":"https:\/\/tresorsnaturels.tn\/produit\/gel-douche-arabian-flower-musk\/#primaryimage"},"image":{"@id":"https:\/\/tresorsnaturels.tn\/produit\/gel-douche-arabian-flower-musk\/#primaryimage"},"thumbnailUrl":"https:\/\/tresorsnaturels.tn\/wp-content\/uploads\/2026\/03\/Musk-fb1.webp","datePublished":"2026-03-27T19:12:56+00:00","dateModified":"2026-04-04T08:24:40+00:00","breadcrumb":{"@id":"https:\/\/tresorsnaturels.tn\/produit\/gel-douche-arabian-flower-musk\/#breadcrumb"},"inLanguage":"en-US","potentialAction":[{"@type":"ReadAction","target":["https:\/\/tresorsnaturels.tn\/produit\/gel-douche-arabian-flower-musk\/"]}]},{"@type":"ImageObject","inLanguage":"en-US","@id":"https:\/\/tresorsnaturels.tn\/produit\/gel-douche-arabian-flower-musk\/#primaryimage","url":"https:\/\/tresorsnaturels.tn\/wp-content\/uploads\/2026\/03\/Musk-fb1.webp","contentUrl":"https:\/\/tresorsnaturels.tn\/wp-content\/uploads\/2026\/03\/Musk-fb1.webp","width":1080,"height":1080},{"@type":"BreadcrumbList","@id":"https:\/\/tresorsnaturels.tn\/produit\/gel-douche-arabian-flower-musk\/#breadcrumb","itemListElement":[{"@type":"ListItem","position":1,"name":"Accueil","item":"https:\/\/tresorsnaturels.tn\/"},{"@type":"ListItem","position":2,"name":"Boutique","item":"https:\/\/tresorsnaturels.tn\/shop\/"},{"@type":"ListItem","position":3,"name":"Gel Douche Arabian Flower \u2013 Musk"}]},{"@type":"WebSite","@id":"https:\/\/tresorsnaturels.tn\/#website","url":"https:\/\/tresorsnaturels.tn\/","name":"Tr\u00e9sors Naturels","description":"Produits cosm\u00e9tiques naturels en Tunisie","publisher":{"@id":"https:\/\/tresorsnaturels.tn\/#organization"},"potentialAction":[{"@type":"SearchAction","target":{"@type":"EntryPoint","urlTemplate":"https:\/\/tresorsnaturels.tn\/?s={search_term_string}"},"query-input":{"@type":"PropertyValueSpecification","valueRequired":true,"valueName":"search_term_string"}}],"inLanguage":"en-US"},{"@type":"Organization","@id":"https:\/\/tresorsnaturels.tn\/#organization","name":"Tr\u00e9sors Naturels","url":"https:\/\/tresorsnaturels.tn\/","logo":{"@type":"ImageObject","inLanguage":"en-US","@id":"https:\/\/tresorsnaturels.tn\/#\/schema\/logo\/image\/","url":"https:\/\/tresorsnaturels.tn\/wp-content\/uploads\/2025\/03\/Logo-Tresors.png","contentUrl":"https:\/\/tresorsnaturels.tn\/wp-content\/uploads\/2025\/03\/Logo-Tresors.png","width":500,"height":215,"caption":"Tr\u00e9sors Naturels"},"image":{"@id":"https:\/\/tresorsnaturels.tn\/#\/schema\/logo\/image\/"},"sameAs":["https:\/\/www.facebook.com\/tresors.naturels.tunisie","https:\/\/www.instagram.com\/tresors_naturels_officiel"]}]}},"_links":{"self":[{"href":"https:\/\/tresorsnaturels.tn\/en\/wp-json\/wp\/v2\/product\/54581","targetHints":{"allow":["GET"]}}],"collection":[{"href":"https:\/\/tresorsnaturels.tn\/en\/wp-json\/wp\/v2\/product"}],"about":[{"href":"https:\/\/tresorsnaturels.tn\/en\/wp-json\/wp\/v2\/types\/product"}],"replies":[{"embeddable":true,"href":"https:\/\/tresorsnaturels.tn\/en\/wp-json\/wp\/v2\/comments?post=54581"}],"version-history":[{"count":9,"href":"https:\/\/tresorsnaturels.tn\/en\/wp-json\/wp\/v2\/product\/54581\/revisions"}],"predecessor-version":[{"id":55146,"href":"https:\/\/tresorsnaturels.tn\/en\/wp-json\/wp\/v2\/product\/54581\/revisions\/55146"}],"wp:featuredmedia":[{"embeddable":true,"href":"https:\/\/tresorsnaturels.tn\/en\/wp-json\/wp\/v2\/media\/55023"}],"wp:attachment":[{"href":"https:\/\/tresorsnaturels.tn\/en\/wp-json\/wp\/v2\/media?parent=54581"}],"wp:term":[{"taxonomy":"product_brand","embeddable":true,"href":"https:\/\/tresorsnaturels.tn\/en\/wp-json\/wp\/v2\/product_brand?post=54581"},{"taxonomy":"product_cat","embeddable":true,"href":"https:\/\/tresorsnaturels.tn\/en\/wp-json\/wp\/v2\/product_cat?post=54581"},{"taxonomy":"product_tag","embeddable":true,"href":"https:\/\/tresorsnaturels.tn\/en\/wp-json\/wp\/v2\/product_tag?post=54581"}],"curies":[{"name":"wp","href":"https:\/\/api.w.org\/{rel}","templated":true}]}}