{"id":54474,"date":"2026-03-27T12:09:42","date_gmt":"2026-03-27T11:09:42","guid":{"rendered":"https:\/\/tresorsnaturels.tn\/?post_type=product&#038;p=54474"},"modified":"2026-04-03T11:02:34","modified_gmt":"2026-04-03T10:02:34","slug":"brume-parfumee-naturelle-arabian-flower-musk","status":"publish","type":"product","link":"https:\/\/tresorsnaturels.tn\/en\/product\/brume-parfumee-naturelle-arabian-flower-musk\/","title":{"rendered":"Brume Parfum\u00e9e Naturelle Arabian Flower \u2013 Musk"},"content":{"rendered":"<div data-elementor-type=\"wp-post\" data-elementor-id=\"54474\" class=\"elementor elementor-54474\">\n\t\t\t\t<div class=\"elementor-element elementor-element-1f4bc0c8 e-flex e-con-boxed e-con e-parent\" data-id=\"1f4bc0c8\" data-element_type=\"container\">\n\t\t\t\t\t<div class=\"e-con-inner\">\n\t\t\t\t<div class=\"elementor-element elementor-element-384ae504 elementor-widget elementor-widget-n-accordion\" data-id=\"384ae504\" data-element_type=\"widget\" data-settings=\"{&quot;default_state&quot;:&quot;expanded&quot;,&quot;max_items_expended&quot;:&quot;one&quot;,&quot;n_accordion_animation_duration&quot;:{&quot;unit&quot;:&quot;ms&quot;,&quot;size&quot;:400,&quot;sizes&quot;:[]}}\" data-widget_type=\"nested-accordion.default\">\n\t\t\t\t<div class=\"elementor-widget-container\">\n\t\t\t\t\t\t\t<div class=\"e-n-accordion\" aria-label=\"Accordion. Open links with Enter or Space, close with Escape, and navigate with Arrow Keys\">\n\t\t\t\t\t\t<details id=\"e-n-accordion-item-9440\" class=\"e-n-accordion-item\" open>\n\t\t\t\t<summary class=\"e-n-accordion-item-title\" data-accordion-index=\"1\" tabindex=\"0\" aria-expanded=\"true\" aria-controls=\"e-n-accordion-item-9440\" >\n\t\t\t\t\t<span class='e-n-accordion-item-title-header'><div class=\"e-n-accordion-item-title-text\"> Conseils d'utilisation <\/div><\/span>\n\t\t\t\t\t\t\t<span class='e-n-accordion-item-title-icon'>\n\t\t\t<span class='e-opened' ><svg aria-hidden=\"true\" class=\"e-font-icon-svg e-fas-minus\" viewbox=\"0 0 448 512\" xmlns=\"http:\/\/www.w3.org\/2000\/svg\"><path d=\"M416 208H32c-17.67 0-32 14.33-32 32v32c0 17.67 14.33 32 32 32h384c17.67 0 32-14.33 32-32v-32c0-17.67-14.33-32-32-32z\"><\/path><\/svg><\/span>\n\t\t\t<span class='e-closed'><svg aria-hidden=\"true\" class=\"e-font-icon-svg e-fas-plus\" viewbox=\"0 0 448 512\" xmlns=\"http:\/\/www.w3.org\/2000\/svg\"><path d=\"M416 208H272V64c0-17.67-14.33-32-32-32h-32c-17.67 0-32 14.33-32 32v144H32c-17.67 0-32 14.33-32 32v32c0 17.67 14.33 32 32 32h144v144c0 17.67 14.33 32 32 32h32c17.67 0 32-14.33 32-32V304h144c17.67 0 32-14.33 32-32v-32c0-17.67-14.33-32-32-32z\"><\/path><\/svg><\/span>\n\t\t<\/span>\n\n\t\t\t\t\t\t<\/summary>\n\t\t\t\t<div role=\"region\" aria-labelledby=\"e-n-accordion-item-9440\" class=\"elementor-element elementor-element-6d558a0 e-con-full e-flex e-con e-child\" data-id=\"6d558a0\" data-element_type=\"container\">\n\t\t\t\t<div class=\"elementor-element elementor-element-5d6e0cc6 elementor-widget elementor-widget-text-editor\" data-id=\"5d6e0cc6\" data-element_type=\"widget\" data-widget_type=\"text-editor.default\">\n\t\t\t\t<div class=\"elementor-widget-container\">\n\t\t\t\t\t\t\t\t\t<p>Vaporiser \u00e0 quelques centim\u00e8tres sur le corps et les cheveux.<br \/>Peut \u00eatre utilis\u00e9e \u00e0 tout moment de la journ\u00e9e.<\/p>\t\t\t\t\t\t\t\t<\/div>\n\t\t\t\t<\/div>\n\t\t\t\t<\/div>\n\t\t\t\t\t<\/details>\n\t\t\t\t\t\t<details id=\"e-n-accordion-item-9441\" class=\"e-n-accordion-item\" >\n\t\t\t\t<summary class=\"e-n-accordion-item-title\" data-accordion-index=\"2\" tabindex=\"-1\" aria-expanded=\"false\" aria-controls=\"e-n-accordion-item-9441\" >\n\t\t\t\t\t<span class='e-n-accordion-item-title-header'><div class=\"e-n-accordion-item-title-text\"> Ingr\u00e9dients <\/div><\/span>\n\t\t\t\t\t\t\t<span class='e-n-accordion-item-title-icon'>\n\t\t\t<span class='e-opened' ><svg aria-hidden=\"true\" class=\"e-font-icon-svg e-fas-minus\" viewbox=\"0 0 448 512\" xmlns=\"http:\/\/www.w3.org\/2000\/svg\"><path d=\"M416 208H32c-17.67 0-32 14.33-32 32v32c0 17.67 14.33 32 32 32h384c17.67 0 32-14.33 32-32v-32c0-17.67-14.33-32-32-32z\"><\/path><\/svg><\/span>\n\t\t\t<span class='e-closed'><svg aria-hidden=\"true\" class=\"e-font-icon-svg e-fas-plus\" viewbox=\"0 0 448 512\" xmlns=\"http:\/\/www.w3.org\/2000\/svg\"><path d=\"M416 208H272V64c0-17.67-14.33-32-32-32h-32c-17.67 0-32 14.33-32 32v144H32c-17.67 0-32 14.33-32 32v32c0 17.67 14.33 32 32 32h144v144c0 17.67 14.33 32 32 32h32c17.67 0 32-14.33 32-32V304h144c17.67 0 32-14.33 32-32v-32c0-17.67-14.33-32-32-32z\"><\/path><\/svg><\/span>\n\t\t<\/span>\n\n\t\t\t\t\t\t<\/summary>\n\t\t\t\t<div role=\"region\" aria-labelledby=\"e-n-accordion-item-9441\" class=\"elementor-element elementor-element-611f8eb1 e-flex e-con-boxed e-con e-child\" data-id=\"611f8eb1\" data-element_type=\"container\">\n\t\t\t\t\t<div class=\"e-con-inner\">\n\t\t\t\t<div class=\"elementor-element elementor-element-202fabbe elementor-widget elementor-widget-text-editor\" data-id=\"202fabbe\" data-element_type=\"widget\" data-widget_type=\"text-editor.default\">\n\t\t\t\t<div class=\"elementor-widget-container\">\n\t\t\t\t\t\t\t\t\t<p>Aqua, Aloe barbadensis leaf juice, Fragrance, Isopropyl myristate, Benzyl alcohol, Dehydroacetic acid.<\/p>\t\t\t\t\t\t\t\t<\/div>\n\t\t\t\t<\/div>\n\t\t\t\t\t<\/div>\n\t\t\t\t<\/div>\n\t\t\t\t\t<\/details>\n\t\t\t\t\t<\/div>\n\t\t\t\t\t\t<\/div>\n\t\t\t\t<\/div>\n\t\t\t\t\t<\/div>\n\t\t\t\t<\/div>\n\t\t\t\t<\/div>","protected":false},"excerpt":{"rendered":"<p><strong>Contenance : 120 ml<\/strong><\/p>\n<p><strong>\u2728 V\u00e9ritable odeur de musk, fra\u00eecheur l\u00e9g\u00e8re &amp; parfum f\u00e9minin longue tenue<\/strong><\/p>\n<p>Musk authentique, doux, f\u00e9minin et tr\u00e8s s\u00e9duisant.<\/p>\n<p><strong>\u2728 Odeur f\u00e9minine longue dur\u00e9e<\/strong><br \/>\nUne fragrance raffin\u00e9e qui reste d\u00e9licatement sur le corps et les cheveux tout au long de la journ\u00e9e.<\/p>\n<p><strong>\u2728 Musk f\u00e9minin aux notes florales \u00e9l\u00e9gantes<\/strong><br \/>\nL\u2019alliance du musk, de la rose, de l\u2019ambre et de l\u2019iris cr\u00e9e un parfum doux, s\u00e9duisant et durable.<\/p>\n<p><strong>\u2728 Fra\u00eecheur l\u00e9g\u00e8re &amp; voile parfum\u00e9 agr\u00e9able<\/strong><br \/>\nParfume sans alourdir, laisse une sensation fra\u00eeche, l\u00e9g\u00e8re et confortable.<\/p>\n<p><strong>\u2728 Enrichie en aloe vera et extrait naturel parfum\u00e9<\/strong><br \/>\nApporte douceur et confort \u00e0 l\u2019application sur la peau et les cheveux.<\/p>\n<p><strong>\u2728 Formule issue de l\u2019expertise cosm\u00e9tique<\/strong><br \/>\nD\u00e9velopp\u00e9e selon des standards de qualit\u00e9 pour respecter la peau et les cheveux.<\/p>","protected":false},"featured_media":55027,"comment_status":"open","ping_status":"closed","template":"","meta":[],"product_brand":[],"product_cat":[214,105,111,108],"product_tag":[],"class_list":{"0":"post-54474","1":"product","2":"type-product","3":"status-publish","4":"has-post-thumbnail","6":"product_cat-produits-tresors-naturels","7":"product_cat-corps","8":"product_cat-arabian-flower","9":"product_cat-brumes","10":"op_product_notes-musk-rose-ambre-iris","13":"instock","14":"shipping-taxable","15":"purchasable","16":"product-type-simple"},"yoast_head":"<!-- This site is optimized with the Yoast SEO Premium plugin v26.2 (Yoast SEO v26.2) - https:\/\/yoast.com\/wordpress\/plugins\/seo\/ -->\n<title>Brume Parfum\u00e9e Naturelle Arabian Flower \u2013 Musk<\/title>\n<meta name=\"robots\" content=\"index, follow, max-snippet:-1, max-image-preview:large, max-video-preview:-1\" \/>\n<link rel=\"canonical\" href=\"https:\/\/tresorsnaturels.tn\/en\/product\/brume-parfumee-naturelle-arabian-flower-musk\/\" \/>\n<meta property=\"og:locale\" content=\"en_US\" \/>\n<meta property=\"og:type\" content=\"article\" \/>\n<meta property=\"og:title\" content=\"Brume Parfum\u00e9e Naturelle Arabian Flower \u2013 Musk\" \/>\n<meta property=\"og:description\" content=\"Contenance : 120 ml  \u2728 V\u00e9ritable odeur de musk, fra\u00eecheur l\u00e9g\u00e8re &amp; parfum f\u00e9minin longue tenue  Musk authentique, doux, f\u00e9minin et tr\u00e8s s\u00e9duisant.  \u2728 Odeur f\u00e9minine longue dur\u00e9e Une fragrance raffin\u00e9e qui reste d\u00e9licatement sur le corps et les cheveux tout au long de la journ\u00e9e.  \u2728 Musk f\u00e9minin aux notes florales \u00e9l\u00e9gantes L\u2019alliance du musk, de la rose, de l\u2019ambre et de l\u2019iris cr\u00e9e un parfum doux, s\u00e9duisant et durable.  \u2728 Fra\u00eecheur l\u00e9g\u00e8re &amp; voile parfum\u00e9 agr\u00e9able Parfume sans alourdir, laisse une sensation fra\u00eeche, l\u00e9g\u00e8re et confortable.  \u2728 Enrichie en aloe vera et extrait naturel parfum\u00e9 Apporte douceur et confort \u00e0 l\u2019application sur la peau et les cheveux.  \u2728 Formule issue de l\u2019expertise cosm\u00e9tique D\u00e9velopp\u00e9e selon des standards de qualit\u00e9 pour respecter la peau et les cheveux.\" \/>\n<meta property=\"og:url\" content=\"https:\/\/tresorsnaturels.tn\/en\/product\/brume-parfumee-naturelle-arabian-flower-musk\/\" \/>\n<meta property=\"og:site_name\" content=\"Tr\u00e9sors Naturels\" \/>\n<meta property=\"article:publisher\" content=\"https:\/\/www.facebook.com\/tresors.naturels.tunisie\" \/>\n<meta property=\"article:modified_time\" content=\"2026-04-03T10:02:34+00:00\" \/>\n<meta property=\"og:image\" content=\"https:\/\/tresorsnaturels.tn\/wp-content\/uploads\/2026\/03\/Musk-fb2.webp\" \/>\n\t<meta property=\"og:image:width\" content=\"1080\" \/>\n\t<meta property=\"og:image:height\" content=\"1080\" \/>\n\t<meta property=\"og:image:type\" content=\"image\/webp\" \/>\n<meta name=\"twitter:card\" content=\"summary_large_image\" \/>\n<meta name=\"twitter:label1\" content=\"Est. reading time\" \/>\n\t<meta name=\"twitter:data1\" content=\"1 minute\" \/>\n<script type=\"application\/ld+json\" class=\"yoast-schema-graph\">{\"@context\":\"https:\/\/schema.org\",\"@graph\":[{\"@type\":\"WebPage\",\"@id\":\"https:\/\/tresorsnaturels.tn\/produit\/brume-parfumee-naturelle-arabian-flower-musk\/\",\"url\":\"https:\/\/tresorsnaturels.tn\/produit\/brume-parfumee-naturelle-arabian-flower-musk\/\",\"name\":\"Brume Parfum\u00e9e Naturelle Arabian Flower \u2013 Musk\",\"isPartOf\":{\"@id\":\"https:\/\/tresorsnaturels.tn\/#website\"},\"primaryImageOfPage\":{\"@id\":\"https:\/\/tresorsnaturels.tn\/produit\/brume-parfumee-naturelle-arabian-flower-musk\/#primaryimage\"},\"image\":{\"@id\":\"https:\/\/tresorsnaturels.tn\/produit\/brume-parfumee-naturelle-arabian-flower-musk\/#primaryimage\"},\"thumbnailUrl\":\"https:\/\/tresorsnaturels.tn\/wp-content\/uploads\/2026\/03\/Musk-fb2.webp\",\"datePublished\":\"2026-03-27T11:09:42+00:00\",\"dateModified\":\"2026-04-03T10:02:34+00:00\",\"breadcrumb\":{\"@id\":\"https:\/\/tresorsnaturels.tn\/produit\/brume-parfumee-naturelle-arabian-flower-musk\/#breadcrumb\"},\"inLanguage\":\"en-US\",\"potentialAction\":[{\"@type\":\"ReadAction\",\"target\":[\"https:\/\/tresorsnaturels.tn\/produit\/brume-parfumee-naturelle-arabian-flower-musk\/\"]}]},{\"@type\":\"ImageObject\",\"inLanguage\":\"en-US\",\"@id\":\"https:\/\/tresorsnaturels.tn\/produit\/brume-parfumee-naturelle-arabian-flower-musk\/#primaryimage\",\"url\":\"https:\/\/tresorsnaturels.tn\/wp-content\/uploads\/2026\/03\/Musk-fb2.webp\",\"contentUrl\":\"https:\/\/tresorsnaturels.tn\/wp-content\/uploads\/2026\/03\/Musk-fb2.webp\",\"width\":1080,\"height\":1080},{\"@type\":\"BreadcrumbList\",\"@id\":\"https:\/\/tresorsnaturels.tn\/produit\/brume-parfumee-naturelle-arabian-flower-musk\/#breadcrumb\",\"itemListElement\":[{\"@type\":\"ListItem\",\"position\":1,\"name\":\"Accueil\",\"item\":\"https:\/\/tresorsnaturels.tn\/\"},{\"@type\":\"ListItem\",\"position\":2,\"name\":\"Boutique\",\"item\":\"https:\/\/tresorsnaturels.tn\/shop\/\"},{\"@type\":\"ListItem\",\"position\":3,\"name\":\"Brume Parfum\u00e9e Naturelle Arabian Flower \u2013 Musk\"}]},{\"@type\":\"WebSite\",\"@id\":\"https:\/\/tresorsnaturels.tn\/#website\",\"url\":\"https:\/\/tresorsnaturels.tn\/\",\"name\":\"Tr\u00e9sors Naturels\",\"description\":\"Produits cosm\u00e9tiques naturels en Tunisie\",\"publisher\":{\"@id\":\"https:\/\/tresorsnaturels.tn\/#organization\"},\"potentialAction\":[{\"@type\":\"SearchAction\",\"target\":{\"@type\":\"EntryPoint\",\"urlTemplate\":\"https:\/\/tresorsnaturels.tn\/?s={search_term_string}\"},\"query-input\":{\"@type\":\"PropertyValueSpecification\",\"valueRequired\":true,\"valueName\":\"search_term_string\"}}],\"inLanguage\":\"en-US\"},{\"@type\":\"Organization\",\"@id\":\"https:\/\/tresorsnaturels.tn\/#organization\",\"name\":\"Tr\u00e9sors Naturels\",\"url\":\"https:\/\/tresorsnaturels.tn\/\",\"logo\":{\"@type\":\"ImageObject\",\"inLanguage\":\"en-US\",\"@id\":\"https:\/\/tresorsnaturels.tn\/#\/schema\/logo\/image\/\",\"url\":\"https:\/\/tresorsnaturels.tn\/wp-content\/uploads\/2025\/03\/Logo-Tresors.png\",\"contentUrl\":\"https:\/\/tresorsnaturels.tn\/wp-content\/uploads\/2025\/03\/Logo-Tresors.png\",\"width\":500,\"height\":215,\"caption\":\"Tr\u00e9sors Naturels\"},\"image\":{\"@id\":\"https:\/\/tresorsnaturels.tn\/#\/schema\/logo\/image\/\"},\"sameAs\":[\"https:\/\/www.facebook.com\/tresors.naturels.tunisie\",\"https:\/\/www.instagram.com\/tresors_naturels_officiel\"]}]}<\/script>\n<!-- \/ Yoast SEO Premium plugin. -->","yoast_head_json":{"title":"Brume Parfum\u00e9e Naturelle Arabian Flower \u2013 Musk","robots":{"index":"index","follow":"follow","max-snippet":"max-snippet:-1","max-image-preview":"max-image-preview:large","max-video-preview":"max-video-preview:-1"},"canonical":"https:\/\/tresorsnaturels.tn\/en\/product\/brume-parfumee-naturelle-arabian-flower-musk\/","og_locale":"en_US","og_type":"article","og_title":"Brume Parfum\u00e9e Naturelle Arabian Flower \u2013 Musk","og_description":"Contenance : 120 ml  \u2728 V\u00e9ritable odeur de musk, fra\u00eecheur l\u00e9g\u00e8re &amp; parfum f\u00e9minin longue tenue  Musk authentique, doux, f\u00e9minin et tr\u00e8s s\u00e9duisant.  \u2728 Odeur f\u00e9minine longue dur\u00e9e Une fragrance raffin\u00e9e qui reste d\u00e9licatement sur le corps et les cheveux tout au long de la journ\u00e9e.  \u2728 Musk f\u00e9minin aux notes florales \u00e9l\u00e9gantes L\u2019alliance du musk, de la rose, de l\u2019ambre et de l\u2019iris cr\u00e9e un parfum doux, s\u00e9duisant et durable.  \u2728 Fra\u00eecheur l\u00e9g\u00e8re &amp; voile parfum\u00e9 agr\u00e9able Parfume sans alourdir, laisse une sensation fra\u00eeche, l\u00e9g\u00e8re et confortable.  \u2728 Enrichie en aloe vera et extrait naturel parfum\u00e9 Apporte douceur et confort \u00e0 l\u2019application sur la peau et les cheveux.  \u2728 Formule issue de l\u2019expertise cosm\u00e9tique D\u00e9velopp\u00e9e selon des standards de qualit\u00e9 pour respecter la peau et les cheveux.","og_url":"https:\/\/tresorsnaturels.tn\/en\/product\/brume-parfumee-naturelle-arabian-flower-musk\/","og_site_name":"Tr\u00e9sors Naturels","article_publisher":"https:\/\/www.facebook.com\/tresors.naturels.tunisie","article_modified_time":"2026-04-03T10:02:34+00:00","og_image":[{"width":1080,"height":1080,"url":"https:\/\/tresorsnaturels.tn\/wp-content\/uploads\/2026\/03\/Musk-fb2.webp","type":"image\/webp"}],"twitter_card":"summary_large_image","twitter_misc":{"Est. reading time":"1 minute"},"schema":{"@context":"https:\/\/schema.org","@graph":[{"@type":"WebPage","@id":"https:\/\/tresorsnaturels.tn\/produit\/brume-parfumee-naturelle-arabian-flower-musk\/","url":"https:\/\/tresorsnaturels.tn\/produit\/brume-parfumee-naturelle-arabian-flower-musk\/","name":"Brume Parfum\u00e9e Naturelle Arabian Flower \u2013 Musk","isPartOf":{"@id":"https:\/\/tresorsnaturels.tn\/#website"},"primaryImageOfPage":{"@id":"https:\/\/tresorsnaturels.tn\/produit\/brume-parfumee-naturelle-arabian-flower-musk\/#primaryimage"},"image":{"@id":"https:\/\/tresorsnaturels.tn\/produit\/brume-parfumee-naturelle-arabian-flower-musk\/#primaryimage"},"thumbnailUrl":"https:\/\/tresorsnaturels.tn\/wp-content\/uploads\/2026\/03\/Musk-fb2.webp","datePublished":"2026-03-27T11:09:42+00:00","dateModified":"2026-04-03T10:02:34+00:00","breadcrumb":{"@id":"https:\/\/tresorsnaturels.tn\/produit\/brume-parfumee-naturelle-arabian-flower-musk\/#breadcrumb"},"inLanguage":"en-US","potentialAction":[{"@type":"ReadAction","target":["https:\/\/tresorsnaturels.tn\/produit\/brume-parfumee-naturelle-arabian-flower-musk\/"]}]},{"@type":"ImageObject","inLanguage":"en-US","@id":"https:\/\/tresorsnaturels.tn\/produit\/brume-parfumee-naturelle-arabian-flower-musk\/#primaryimage","url":"https:\/\/tresorsnaturels.tn\/wp-content\/uploads\/2026\/03\/Musk-fb2.webp","contentUrl":"https:\/\/tresorsnaturels.tn\/wp-content\/uploads\/2026\/03\/Musk-fb2.webp","width":1080,"height":1080},{"@type":"BreadcrumbList","@id":"https:\/\/tresorsnaturels.tn\/produit\/brume-parfumee-naturelle-arabian-flower-musk\/#breadcrumb","itemListElement":[{"@type":"ListItem","position":1,"name":"Accueil","item":"https:\/\/tresorsnaturels.tn\/"},{"@type":"ListItem","position":2,"name":"Boutique","item":"https:\/\/tresorsnaturels.tn\/shop\/"},{"@type":"ListItem","position":3,"name":"Brume Parfum\u00e9e Naturelle Arabian Flower \u2013 Musk"}]},{"@type":"WebSite","@id":"https:\/\/tresorsnaturels.tn\/#website","url":"https:\/\/tresorsnaturels.tn\/","name":"Tr\u00e9sors Naturels","description":"Produits cosm\u00e9tiques naturels en Tunisie","publisher":{"@id":"https:\/\/tresorsnaturels.tn\/#organization"},"potentialAction":[{"@type":"SearchAction","target":{"@type":"EntryPoint","urlTemplate":"https:\/\/tresorsnaturels.tn\/?s={search_term_string}"},"query-input":{"@type":"PropertyValueSpecification","valueRequired":true,"valueName":"search_term_string"}}],"inLanguage":"en-US"},{"@type":"Organization","@id":"https:\/\/tresorsnaturels.tn\/#organization","name":"Tr\u00e9sors Naturels","url":"https:\/\/tresorsnaturels.tn\/","logo":{"@type":"ImageObject","inLanguage":"en-US","@id":"https:\/\/tresorsnaturels.tn\/#\/schema\/logo\/image\/","url":"https:\/\/tresorsnaturels.tn\/wp-content\/uploads\/2025\/03\/Logo-Tresors.png","contentUrl":"https:\/\/tresorsnaturels.tn\/wp-content\/uploads\/2025\/03\/Logo-Tresors.png","width":500,"height":215,"caption":"Tr\u00e9sors Naturels"},"image":{"@id":"https:\/\/tresorsnaturels.tn\/#\/schema\/logo\/image\/"},"sameAs":["https:\/\/www.facebook.com\/tresors.naturels.tunisie","https:\/\/www.instagram.com\/tresors_naturels_officiel"]}]}},"_links":{"self":[{"href":"https:\/\/tresorsnaturels.tn\/en\/wp-json\/wp\/v2\/product\/54474","targetHints":{"allow":["GET"]}}],"collection":[{"href":"https:\/\/tresorsnaturels.tn\/en\/wp-json\/wp\/v2\/product"}],"about":[{"href":"https:\/\/tresorsnaturels.tn\/en\/wp-json\/wp\/v2\/types\/product"}],"replies":[{"embeddable":true,"href":"https:\/\/tresorsnaturels.tn\/en\/wp-json\/wp\/v2\/comments?post=54474"}],"version-history":[{"count":16,"href":"https:\/\/tresorsnaturels.tn\/en\/wp-json\/wp\/v2\/product\/54474\/revisions"}],"predecessor-version":[{"id":54716,"href":"https:\/\/tresorsnaturels.tn\/en\/wp-json\/wp\/v2\/product\/54474\/revisions\/54716"}],"wp:featuredmedia":[{"embeddable":true,"href":"https:\/\/tresorsnaturels.tn\/en\/wp-json\/wp\/v2\/media\/55027"}],"wp:attachment":[{"href":"https:\/\/tresorsnaturels.tn\/en\/wp-json\/wp\/v2\/media?parent=54474"}],"wp:term":[{"taxonomy":"product_brand","embeddable":true,"href":"https:\/\/tresorsnaturels.tn\/en\/wp-json\/wp\/v2\/product_brand?post=54474"},{"taxonomy":"product_cat","embeddable":true,"href":"https:\/\/tresorsnaturels.tn\/en\/wp-json\/wp\/v2\/product_cat?post=54474"},{"taxonomy":"product_tag","embeddable":true,"href":"https:\/\/tresorsnaturels.tn\/en\/wp-json\/wp\/v2\/product_tag?post=54474"}],"curies":[{"name":"wp","href":"https:\/\/api.w.org\/{rel}","templated":true}]}}