{"id":52918,"date":"2026-03-12T12:23:31","date_gmt":"2026-03-12T11:23:31","guid":{"rendered":"https:\/\/tresorsnaturels.tn\/?post_type=product&#038;p=52918"},"modified":"2026-04-25T09:26:24","modified_gmt":"2026-04-25T08:26:24","slug":"pack-anti-chute-repousse","status":"publish","type":"product","link":"https:\/\/tresorsnaturels.tn\/en\/product\/pack-anti-chute-repousse\/","title":{"rendered":"Pack Anti-Chute &#038; Repousse"},"content":{"rendered":"","protected":false},"excerpt":{"rendered":"<div style=\"font-size: 13px; color: #4f7f63; font-style: italic; line-height: 1.6; margin-bottom: 10px;\">\u2714 Livraison rapide Tunisie<br \/>\n\u2714 Paiement \u00e0 la livraison<br \/>\n\u2714 Laboratoire certifi\u00e9 \u2013 ISO 22716<br \/>\n\u2714 Test\u00e9 dermatologiquement<\/div>\n<p>Le pack anti-chute associe des soins cibl\u00e9s con\u00e7us pour renforcer les racines, stimuler le cuir chevelu et limiter la chute capillaire. Il aide \u00e0 am\u00e9liorer la densit\u00e9, soutenir la fibre capillaire et redonner force aux cheveux fins, fragiles ou affaiblis .<\/p>\n<p>Compos\u00e9 du Biotin Shampo fortifiant, de l\u2019apr\u00e8s-shampoing hydratant protecteur, de la lotion anti-chute \u00e0 la synergie de plantes, k\u00e9ratine et biotine, ainsi que du s\u00e9rum \u00e0 la caf\u00e9ine et acide hydratant, ce pack agit en synergie pour fortifier, hydrater, prot\u00e9ger et favoriser une repousse plus saine.<\/p>","protected":false},"featured_media":55974,"comment_status":"open","ping_status":"closed","template":"","meta":[],"product_brand":[],"product_cat":[75,90],"product_tag":[],"class_list":{"0":"post-52918","1":"product","2":"type-product","3":"status-publish","4":"has-post-thumbnail","6":"product_cat-soins-cheveux-tunisie","7":"product_cat-chute-de-cheveux","10":"instock","11":"shipping-taxable","12":"purchasable","13":"product-type-simple"},"yoast_head":"<!-- This site is optimized with the Yoast SEO Premium plugin v26.2 (Yoast SEO v26.2) - https:\/\/yoast.com\/wordpress\/plugins\/seo\/ -->\n<title>Pack Anti-Chute &amp; Repousse<\/title>\n<meta name=\"robots\" content=\"index, follow, max-snippet:-1, max-image-preview:large, max-video-preview:-1\" \/>\n<link rel=\"canonical\" href=\"https:\/\/tresorsnaturels.tn\/en\/product\/pack-anti-chute-repousse\/\" \/>\n<meta property=\"og:locale\" content=\"en_US\" \/>\n<meta property=\"og:type\" content=\"article\" \/>\n<meta property=\"og:title\" content=\"Pack Anti-Chute &amp; Repousse\" \/>\n<meta property=\"og:description\" content=\"\u2714 Livraison rapide Tunisie \u2714 Paiement \u00e0 la livraison \u2714 Laboratoire certifi\u00e9 \u2013 ISO 22716 \u2714 Test\u00e9 dermatologiquement Le pack anti-chute associe des soins cibl\u00e9s con\u00e7us pour renforcer les racines, stimuler le cuir chevelu et limiter la chute capillaire. Il aide \u00e0 am\u00e9liorer la densit\u00e9, soutenir la fibre capillaire et redonner force aux cheveux fins, fragiles ou affaiblis .  Compos\u00e9 du Biotin Shampo fortifiant, de l\u2019apr\u00e8s-shampoing hydratant protecteur, de la lotion anti-chute \u00e0 la synergie de plantes, k\u00e9ratine et biotine, ainsi que du s\u00e9rum \u00e0 la caf\u00e9ine et acide hydratant, ce pack agit en synergie pour fortifier, hydrater, prot\u00e9ger et favoriser une repousse plus saine.\" \/>\n<meta property=\"og:url\" content=\"https:\/\/tresorsnaturels.tn\/en\/product\/pack-anti-chute-repousse\/\" \/>\n<meta property=\"og:site_name\" content=\"Tr\u00e9sors Naturels\" \/>\n<meta property=\"article:publisher\" content=\"https:\/\/www.facebook.com\/tresors.naturels.tunisie\" \/>\n<meta property=\"article:modified_time\" content=\"2026-04-25T08:26:24+00:00\" \/>\n<meta property=\"og:image\" content=\"https:\/\/tresorsnaturels.tn\/wp-content\/uploads\/2026\/03\/Copie-de-IMG_1327.webp\" \/>\n\t<meta property=\"og:image:width\" content=\"1080\" \/>\n\t<meta property=\"og:image:height\" content=\"1080\" \/>\n\t<meta property=\"og:image:type\" content=\"image\/webp\" \/>\n<meta name=\"twitter:card\" content=\"summary_large_image\" \/>\n<meta name=\"twitter:label1\" content=\"Est. reading time\" \/>\n\t<meta name=\"twitter:data1\" content=\"1 minute\" \/>\n<script type=\"application\/ld+json\" class=\"yoast-schema-graph\">{\"@context\":\"https:\/\/schema.org\",\"@graph\":[{\"@type\":\"WebPage\",\"@id\":\"https:\/\/tresorsnaturels.tn\/produit\/pack-anti-chute-repousse\/\",\"url\":\"https:\/\/tresorsnaturels.tn\/produit\/pack-anti-chute-repousse\/\",\"name\":\"Pack Anti-Chute & Repousse\",\"isPartOf\":{\"@id\":\"https:\/\/tresorsnaturels.tn\/#website\"},\"primaryImageOfPage\":{\"@id\":\"https:\/\/tresorsnaturels.tn\/produit\/pack-anti-chute-repousse\/#primaryimage\"},\"image\":{\"@id\":\"https:\/\/tresorsnaturels.tn\/produit\/pack-anti-chute-repousse\/#primaryimage\"},\"thumbnailUrl\":\"https:\/\/tresorsnaturels.tn\/wp-content\/uploads\/2026\/03\/Copie-de-IMG_1327.webp\",\"datePublished\":\"2026-03-12T11:23:31+00:00\",\"dateModified\":\"2026-04-25T08:26:24+00:00\",\"breadcrumb\":{\"@id\":\"https:\/\/tresorsnaturels.tn\/produit\/pack-anti-chute-repousse\/#breadcrumb\"},\"inLanguage\":\"en-US\",\"potentialAction\":[{\"@type\":\"ReadAction\",\"target\":[\"https:\/\/tresorsnaturels.tn\/produit\/pack-anti-chute-repousse\/\"]}]},{\"@type\":\"ImageObject\",\"inLanguage\":\"en-US\",\"@id\":\"https:\/\/tresorsnaturels.tn\/produit\/pack-anti-chute-repousse\/#primaryimage\",\"url\":\"https:\/\/tresorsnaturels.tn\/wp-content\/uploads\/2026\/03\/Copie-de-IMG_1327.webp\",\"contentUrl\":\"https:\/\/tresorsnaturels.tn\/wp-content\/uploads\/2026\/03\/Copie-de-IMG_1327.webp\",\"width\":1080,\"height\":1080},{\"@type\":\"BreadcrumbList\",\"@id\":\"https:\/\/tresorsnaturels.tn\/produit\/pack-anti-chute-repousse\/#breadcrumb\",\"itemListElement\":[{\"@type\":\"ListItem\",\"position\":1,\"name\":\"Accueil\",\"item\":\"https:\/\/tresorsnaturels.tn\/\"},{\"@type\":\"ListItem\",\"position\":2,\"name\":\"Boutique\",\"item\":\"https:\/\/tresorsnaturels.tn\/shop\/\"},{\"@type\":\"ListItem\",\"position\":3,\"name\":\"Pack Anti-Chute &#038; Repousse\"}]},{\"@type\":\"WebSite\",\"@id\":\"https:\/\/tresorsnaturels.tn\/#website\",\"url\":\"https:\/\/tresorsnaturels.tn\/\",\"name\":\"Tr\u00e9sors Naturels\",\"description\":\"Produits cosm\u00e9tiques naturels en Tunisie\",\"publisher\":{\"@id\":\"https:\/\/tresorsnaturels.tn\/#organization\"},\"potentialAction\":[{\"@type\":\"SearchAction\",\"target\":{\"@type\":\"EntryPoint\",\"urlTemplate\":\"https:\/\/tresorsnaturels.tn\/?s={search_term_string}\"},\"query-input\":{\"@type\":\"PropertyValueSpecification\",\"valueRequired\":true,\"valueName\":\"search_term_string\"}}],\"inLanguage\":\"en-US\"},{\"@type\":\"Organization\",\"@id\":\"https:\/\/tresorsnaturels.tn\/#organization\",\"name\":\"Tr\u00e9sors Naturels\",\"url\":\"https:\/\/tresorsnaturels.tn\/\",\"logo\":{\"@type\":\"ImageObject\",\"inLanguage\":\"en-US\",\"@id\":\"https:\/\/tresorsnaturels.tn\/#\/schema\/logo\/image\/\",\"url\":\"https:\/\/tresorsnaturels.tn\/wp-content\/uploads\/2025\/03\/Logo-Tresors.png\",\"contentUrl\":\"https:\/\/tresorsnaturels.tn\/wp-content\/uploads\/2025\/03\/Logo-Tresors.png\",\"width\":500,\"height\":215,\"caption\":\"Tr\u00e9sors Naturels\"},\"image\":{\"@id\":\"https:\/\/tresorsnaturels.tn\/#\/schema\/logo\/image\/\"},\"sameAs\":[\"https:\/\/www.facebook.com\/tresors.naturels.tunisie\",\"https:\/\/www.instagram.com\/tresors_naturels_officiel\"]}]}<\/script>\n<!-- \/ Yoast SEO Premium plugin. -->","yoast_head_json":{"title":"Pack Anti-Chute & Repousse","robots":{"index":"index","follow":"follow","max-snippet":"max-snippet:-1","max-image-preview":"max-image-preview:large","max-video-preview":"max-video-preview:-1"},"canonical":"https:\/\/tresorsnaturels.tn\/en\/product\/pack-anti-chute-repousse\/","og_locale":"en_US","og_type":"article","og_title":"Pack Anti-Chute & Repousse","og_description":"\u2714 Livraison rapide Tunisie \u2714 Paiement \u00e0 la livraison \u2714 Laboratoire certifi\u00e9 \u2013 ISO 22716 \u2714 Test\u00e9 dermatologiquement Le pack anti-chute associe des soins cibl\u00e9s con\u00e7us pour renforcer les racines, stimuler le cuir chevelu et limiter la chute capillaire. Il aide \u00e0 am\u00e9liorer la densit\u00e9, soutenir la fibre capillaire et redonner force aux cheveux fins, fragiles ou affaiblis .  Compos\u00e9 du Biotin Shampo fortifiant, de l\u2019apr\u00e8s-shampoing hydratant protecteur, de la lotion anti-chute \u00e0 la synergie de plantes, k\u00e9ratine et biotine, ainsi que du s\u00e9rum \u00e0 la caf\u00e9ine et acide hydratant, ce pack agit en synergie pour fortifier, hydrater, prot\u00e9ger et favoriser une repousse plus saine.","og_url":"https:\/\/tresorsnaturels.tn\/en\/product\/pack-anti-chute-repousse\/","og_site_name":"Tr\u00e9sors Naturels","article_publisher":"https:\/\/www.facebook.com\/tresors.naturels.tunisie","article_modified_time":"2026-04-25T08:26:24+00:00","og_image":[{"width":1080,"height":1080,"url":"https:\/\/tresorsnaturels.tn\/wp-content\/uploads\/2026\/03\/Copie-de-IMG_1327.webp","type":"image\/webp"}],"twitter_card":"summary_large_image","twitter_misc":{"Est. reading time":"1 minute"},"schema":{"@context":"https:\/\/schema.org","@graph":[{"@type":"WebPage","@id":"https:\/\/tresorsnaturels.tn\/produit\/pack-anti-chute-repousse\/","url":"https:\/\/tresorsnaturels.tn\/produit\/pack-anti-chute-repousse\/","name":"Pack Anti-Chute & Repousse","isPartOf":{"@id":"https:\/\/tresorsnaturels.tn\/#website"},"primaryImageOfPage":{"@id":"https:\/\/tresorsnaturels.tn\/produit\/pack-anti-chute-repousse\/#primaryimage"},"image":{"@id":"https:\/\/tresorsnaturels.tn\/produit\/pack-anti-chute-repousse\/#primaryimage"},"thumbnailUrl":"https:\/\/tresorsnaturels.tn\/wp-content\/uploads\/2026\/03\/Copie-de-IMG_1327.webp","datePublished":"2026-03-12T11:23:31+00:00","dateModified":"2026-04-25T08:26:24+00:00","breadcrumb":{"@id":"https:\/\/tresorsnaturels.tn\/produit\/pack-anti-chute-repousse\/#breadcrumb"},"inLanguage":"en-US","potentialAction":[{"@type":"ReadAction","target":["https:\/\/tresorsnaturels.tn\/produit\/pack-anti-chute-repousse\/"]}]},{"@type":"ImageObject","inLanguage":"en-US","@id":"https:\/\/tresorsnaturels.tn\/produit\/pack-anti-chute-repousse\/#primaryimage","url":"https:\/\/tresorsnaturels.tn\/wp-content\/uploads\/2026\/03\/Copie-de-IMG_1327.webp","contentUrl":"https:\/\/tresorsnaturels.tn\/wp-content\/uploads\/2026\/03\/Copie-de-IMG_1327.webp","width":1080,"height":1080},{"@type":"BreadcrumbList","@id":"https:\/\/tresorsnaturels.tn\/produit\/pack-anti-chute-repousse\/#breadcrumb","itemListElement":[{"@type":"ListItem","position":1,"name":"Accueil","item":"https:\/\/tresorsnaturels.tn\/"},{"@type":"ListItem","position":2,"name":"Boutique","item":"https:\/\/tresorsnaturels.tn\/shop\/"},{"@type":"ListItem","position":3,"name":"Pack Anti-Chute &#038; Repousse"}]},{"@type":"WebSite","@id":"https:\/\/tresorsnaturels.tn\/#website","url":"https:\/\/tresorsnaturels.tn\/","name":"Tr\u00e9sors Naturels","description":"Produits cosm\u00e9tiques naturels en Tunisie","publisher":{"@id":"https:\/\/tresorsnaturels.tn\/#organization"},"potentialAction":[{"@type":"SearchAction","target":{"@type":"EntryPoint","urlTemplate":"https:\/\/tresorsnaturels.tn\/?s={search_term_string}"},"query-input":{"@type":"PropertyValueSpecification","valueRequired":true,"valueName":"search_term_string"}}],"inLanguage":"en-US"},{"@type":"Organization","@id":"https:\/\/tresorsnaturels.tn\/#organization","name":"Tr\u00e9sors Naturels","url":"https:\/\/tresorsnaturels.tn\/","logo":{"@type":"ImageObject","inLanguage":"en-US","@id":"https:\/\/tresorsnaturels.tn\/#\/schema\/logo\/image\/","url":"https:\/\/tresorsnaturels.tn\/wp-content\/uploads\/2025\/03\/Logo-Tresors.png","contentUrl":"https:\/\/tresorsnaturels.tn\/wp-content\/uploads\/2025\/03\/Logo-Tresors.png","width":500,"height":215,"caption":"Tr\u00e9sors Naturels"},"image":{"@id":"https:\/\/tresorsnaturels.tn\/#\/schema\/logo\/image\/"},"sameAs":["https:\/\/www.facebook.com\/tresors.naturels.tunisie","https:\/\/www.instagram.com\/tresors_naturels_officiel"]}]}},"_links":{"self":[{"href":"https:\/\/tresorsnaturels.tn\/en\/wp-json\/wp\/v2\/product\/52918","targetHints":{"allow":["GET"]}}],"collection":[{"href":"https:\/\/tresorsnaturels.tn\/en\/wp-json\/wp\/v2\/product"}],"about":[{"href":"https:\/\/tresorsnaturels.tn\/en\/wp-json\/wp\/v2\/types\/product"}],"replies":[{"embeddable":true,"href":"https:\/\/tresorsnaturels.tn\/en\/wp-json\/wp\/v2\/comments?post=52918"}],"version-history":[{"count":2,"href":"https:\/\/tresorsnaturels.tn\/en\/wp-json\/wp\/v2\/product\/52918\/revisions"}],"predecessor-version":[{"id":55421,"href":"https:\/\/tresorsnaturels.tn\/en\/wp-json\/wp\/v2\/product\/52918\/revisions\/55421"}],"wp:featuredmedia":[{"embeddable":true,"href":"https:\/\/tresorsnaturels.tn\/en\/wp-json\/wp\/v2\/media\/55974"}],"wp:attachment":[{"href":"https:\/\/tresorsnaturels.tn\/en\/wp-json\/wp\/v2\/media?parent=52918"}],"wp:term":[{"taxonomy":"product_brand","embeddable":true,"href":"https:\/\/tresorsnaturels.tn\/en\/wp-json\/wp\/v2\/product_brand?post=52918"},{"taxonomy":"product_cat","embeddable":true,"href":"https:\/\/tresorsnaturels.tn\/en\/wp-json\/wp\/v2\/product_cat?post=52918"},{"taxonomy":"product_tag","embeddable":true,"href":"https:\/\/tresorsnaturels.tn\/en\/wp-json\/wp\/v2\/product_tag?post=52918"}],"curies":[{"name":"wp","href":"https:\/\/api.w.org\/{rel}","templated":true}]}}