{"id":51543,"date":"2026-03-01T23:25:06","date_gmt":"2026-03-01T22:25:06","guid":{"rendered":"https:\/\/tresorsnaturels.tn\/?post_type=product&#038;p=51543"},"modified":"2026-04-09T09:13:57","modified_gmt":"2026-04-09T08:13:57","slug":"poudre-de-sidr-hydrolat-de-sidr-huile-de-coco-gel-aloe-vera-bio","status":"publish","type":"product","link":"https:\/\/tresorsnaturels.tn\/en\/product\/poudre-de-sidr-hydrolat-de-sidr-huile-de-coco-gel-aloe-vera-bio\/","title":{"rendered":"Poudre de SIDR &#038; Hydrolat de SIDR &#038; Huile de Coco &#038; Gel Alo\u00e9 Vera Bio"},"content":{"rendered":"","protected":false},"excerpt":{"rendered":"<p><strong>Pack 100% Naturel R\u00e9paration<\/strong><\/p>\n<ul>\n<li>Hydratation<\/li>\n<li>Nutrition Compl\u00e8te<\/li>\n<\/ul>\n<p><strong>4 soins essentiels pour des cheveux renforc\u00e9s, plus denses et visiblement plus sains d\u00e8s les premi\u00e8res utilisations<\/strong><\/p>\n<ul>\n<li>\u2714 Id\u00e9al pour redonner force, volume et vitalit\u00e9 aux cheveux affaiblis<\/li>\n<li>\u2714 Convient aux cheveux fins, fragiles et cassants<\/li>\n<li>\u2714 Aide \u00e0 renforcer la fibre capillaire<\/li>\n<li>\u2714 100% naturels<\/li>\n<\/ul>\n<p>&nbsp;<\/p>\n<p><strong>1. Hydrolat de Sidr<\/strong><\/p>\n<p><em>Lotion v\u00e9g\u00e9tale fortifiante pour cheveux affaiblis et manque de volume<\/em><\/p>\n<ul>\n<li>\u2714 Aide \u00e0 fortifier les racines<\/li>\n<li>\u2714 Soutient les cheveux sujets \u00e0 la chute<\/li>\n<li>\u2714 Apporte plus de volume naturel<\/li>\n<li>\u2714 Renforce les longueurs fragilis\u00e9es<\/li>\n<\/ul>\n<p>Le Sidr aide les cheveux affaiblis \u00e0 retrouver force, tenue et vitalit\u00e9 d\u00e8s les premi\u00e8res utilisations.<\/p>\n<p><strong>2. Poudre de Sidr Pure<\/strong><\/p>\n<p><em>Soin v\u00e9g\u00e9tal gainant pour force et densit\u00e9 capillaire<\/em><\/p>\n<ul>\n<li>\u2714 Aide \u00e0 densifier les cheveux<\/li>\n<li>\u2714 Renforce les longueurs<\/li>\n<li>\u2714 Apporte du volume<\/li>\n<li>\u2714 Favorise une fibre plus r\u00e9sistante<\/li>\n<\/ul>\n<p>La poudre de Sidr gaine naturellement la fibre capillaire pour des cheveux visiblement plus forts et mieux structur\u00e9s.<\/p>\n<p><strong>3. Aloe Vera Bio<\/strong><\/p>\n<p><em>Hydratation v\u00e9g\u00e9tale essentielle pour cheveux fragilis\u00e9s<\/em><\/p>\n<ul>\n<li>\u2714 Hydrate en profondeur<\/li>\n<li>\u2714 Am\u00e9liore la souplesse<\/li>\n<li>\u2714 Apaise le cuir chevelu<\/li>\n<li>\u2714 Apporte brillance naturelle<\/li>\n<\/ul>\n<p>L\u2019Aloe Vera Bio hydrate la fibre capillaire, am\u00e9liore la souplesse et aide les cheveux \u00e0 retrouver douceur et brillance.<\/p>\n<p><strong>4. Huile de Coco Naturelle<\/strong><\/p>\n<p><em>Nutrition v\u00e9g\u00e9tale essentielle pour cheveux fragilis\u00e9s<\/em><\/p>\n<ul>\n<li>\u2714 Nourrit intens\u00e9ment<\/li>\n<li>\u2714 Renforce les longueurs<\/li>\n<li>\u2714 Apporte douceur et souplesse<\/li>\n<li>\u2714 Aide \u00e0 redonner force et brillance<\/li>\n<\/ul>\n<p>L\u2019huile de coco nourrit la fibre capillaire, aide \u00e0 renforcer les cheveux fragilis\u00e9s et am\u00e9liore leur douceur naturelle.<\/p>","protected":false},"featured_media":55374,"comment_status":"open","ping_status":"closed","template":"","meta":[],"product_brand":[218],"product_cat":[75],"product_tag":[],"class_list":{"0":"post-51543","1":"product","2":"type-product","3":"status-publish","4":"has-post-thumbnail","6":"product_brand-nos-packs","7":"product_cat-soins-cheveux-tunisie","10":"instock","11":"shipping-taxable","12":"purchasable","13":"product-type-woosg"},"yoast_head":"<!-- This site is optimized with the Yoast SEO Premium plugin v26.2 (Yoast SEO v26.2) - https:\/\/yoast.com\/wordpress\/plugins\/seo\/ -->\n<title>Poudre de SIDR &amp; Hydrolat de SIDR &amp; Huile de Coco &amp; Gel Alo\u00e9 Vera Bio<\/title>\n<meta name=\"robots\" content=\"index, follow, max-snippet:-1, max-image-preview:large, max-video-preview:-1\" \/>\n<link rel=\"canonical\" href=\"https:\/\/tresorsnaturels.tn\/en\/product\/poudre-de-sidr-hydrolat-de-sidr-huile-de-coco-gel-aloe-vera-bio\/\" \/>\n<meta property=\"og:locale\" content=\"en_US\" \/>\n<meta property=\"og:type\" content=\"article\" \/>\n<meta property=\"og:title\" content=\"Poudre de SIDR &amp; Hydrolat de SIDR &amp; Huile de Coco &amp; Gel Alo\u00e9 Vera Bio\" \/>\n<meta property=\"og:description\" content=\"Pack 100% Naturel R\u00e9paration   Hydratation  Nutrition Compl\u00e8te  4 soins essentiels pour des cheveux renforc\u00e9s, plus denses et visiblement plus sains d\u00e8s les premi\u00e8res utilisations   \u2714 Id\u00e9al pour redonner force, volume et vitalit\u00e9 aux cheveux affaiblis  \u2714 Convient aux cheveux fins, fragiles et cassants  \u2714 Aide \u00e0 renforcer la fibre capillaire  \u2714 100% naturels  &nbsp;  1. Hydrolat de Sidr  Lotion v\u00e9g\u00e9tale fortifiante pour cheveux affaiblis et manque de volume   \u2714 Aide \u00e0 fortifier les racines  \u2714 Soutient les cheveux sujets \u00e0 la chute  \u2714 Apporte plus de volume naturel  \u2714 Renforce les longueurs fragilis\u00e9es  Le Sidr aide les cheveux affaiblis \u00e0 retrouver force, tenue et vitalit\u00e9 d\u00e8s les premi\u00e8res utilisations.  2. Poudre de Sidr Pure  Soin v\u00e9g\u00e9tal gainant pour force et densit\u00e9 capillaire   \u2714 Aide \u00e0 densifier les cheveux  \u2714 Renforce les longueurs  \u2714 Apporte du volume  \u2714 Favorise une fibre plus r\u00e9sistante  La poudre de Sidr gaine naturellement la fibre capillaire pour des cheveux visiblement plus forts et mieux structur\u00e9s.  3. Aloe Vera Bio  Hydratation v\u00e9g\u00e9tale essentielle pour cheveux fragilis\u00e9s   \u2714 Hydrate en profondeur  \u2714 Am\u00e9liore la souplesse  \u2714 Apaise le cuir chevelu  \u2714 Apporte brillance naturelle  L\u2019Aloe Vera Bio hydrate la fibre capillaire, am\u00e9liore la souplesse et aide les cheveux \u00e0 retrouver douceur et brillance.  4. Huile de Coco Naturelle  Nutrition v\u00e9g\u00e9tale essentielle pour cheveux fragilis\u00e9s   \u2714 Nourrit intens\u00e9ment  \u2714 Renforce les longueurs  \u2714 Apporte douceur et souplesse  \u2714 Aide \u00e0 redonner force et brillance  L\u2019huile de coco nourrit la fibre capillaire, aide \u00e0 renforcer les cheveux fragilis\u00e9s et am\u00e9liore leur douceur naturelle.\" \/>\n<meta property=\"og:url\" content=\"https:\/\/tresorsnaturels.tn\/en\/product\/poudre-de-sidr-hydrolat-de-sidr-huile-de-coco-gel-aloe-vera-bio\/\" \/>\n<meta property=\"og:site_name\" content=\"Tr\u00e9sors Naturels\" \/>\n<meta property=\"article:publisher\" content=\"https:\/\/www.facebook.com\/tresors.naturels.tunisie\" \/>\n<meta property=\"article:modified_time\" content=\"2026-04-09T08:13:57+00:00\" \/>\n<meta property=\"og:image\" content=\"https:\/\/tresorsnaturels.tn\/wp-content\/uploads\/2026\/03\/Poudre-de-SIDR-Hydrolat-de-SIDR-Huile-de-Coco-Gel-Aloe-Vera-Bio.webp\" \/>\n\t<meta property=\"og:image:width\" content=\"1080\" \/>\n\t<meta property=\"og:image:height\" content=\"1080\" \/>\n\t<meta property=\"og:image:type\" content=\"image\/webp\" \/>\n<meta name=\"twitter:card\" content=\"summary_large_image\" \/>\n<meta name=\"twitter:label1\" content=\"Est. reading time\" \/>\n\t<meta name=\"twitter:data1\" content=\"1 minute\" \/>\n<script type=\"application\/ld+json\" class=\"yoast-schema-graph\">{\"@context\":\"https:\/\/schema.org\",\"@graph\":[{\"@type\":\"WebPage\",\"@id\":\"https:\/\/tresorsnaturels.tn\/produit\/poudre-de-sidr-hydrolat-de-sidr-huile-de-coco-gel-aloe-vera-bio\/\",\"url\":\"https:\/\/tresorsnaturels.tn\/produit\/poudre-de-sidr-hydrolat-de-sidr-huile-de-coco-gel-aloe-vera-bio\/\",\"name\":\"Poudre de SIDR & Hydrolat de SIDR & Huile de Coco & Gel Alo\u00e9 Vera Bio\",\"isPartOf\":{\"@id\":\"https:\/\/tresorsnaturels.tn\/#website\"},\"primaryImageOfPage\":{\"@id\":\"https:\/\/tresorsnaturels.tn\/produit\/poudre-de-sidr-hydrolat-de-sidr-huile-de-coco-gel-aloe-vera-bio\/#primaryimage\"},\"image\":{\"@id\":\"https:\/\/tresorsnaturels.tn\/produit\/poudre-de-sidr-hydrolat-de-sidr-huile-de-coco-gel-aloe-vera-bio\/#primaryimage\"},\"thumbnailUrl\":\"https:\/\/tresorsnaturels.tn\/wp-content\/uploads\/2026\/03\/Poudre-de-SIDR-Hydrolat-de-SIDR-Huile-de-Coco-Gel-Aloe-Vera-Bio.webp\",\"datePublished\":\"2026-03-01T22:25:06+00:00\",\"dateModified\":\"2026-04-09T08:13:57+00:00\",\"breadcrumb\":{\"@id\":\"https:\/\/tresorsnaturels.tn\/produit\/poudre-de-sidr-hydrolat-de-sidr-huile-de-coco-gel-aloe-vera-bio\/#breadcrumb\"},\"inLanguage\":\"en-US\",\"potentialAction\":[{\"@type\":\"ReadAction\",\"target\":[\"https:\/\/tresorsnaturels.tn\/produit\/poudre-de-sidr-hydrolat-de-sidr-huile-de-coco-gel-aloe-vera-bio\/\"]}]},{\"@type\":\"ImageObject\",\"inLanguage\":\"en-US\",\"@id\":\"https:\/\/tresorsnaturels.tn\/produit\/poudre-de-sidr-hydrolat-de-sidr-huile-de-coco-gel-aloe-vera-bio\/#primaryimage\",\"url\":\"https:\/\/tresorsnaturels.tn\/wp-content\/uploads\/2026\/03\/Poudre-de-SIDR-Hydrolat-de-SIDR-Huile-de-Coco-Gel-Aloe-Vera-Bio.webp\",\"contentUrl\":\"https:\/\/tresorsnaturels.tn\/wp-content\/uploads\/2026\/03\/Poudre-de-SIDR-Hydrolat-de-SIDR-Huile-de-Coco-Gel-Aloe-Vera-Bio.webp\",\"width\":1080,\"height\":1080},{\"@type\":\"BreadcrumbList\",\"@id\":\"https:\/\/tresorsnaturels.tn\/produit\/poudre-de-sidr-hydrolat-de-sidr-huile-de-coco-gel-aloe-vera-bio\/#breadcrumb\",\"itemListElement\":[{\"@type\":\"ListItem\",\"position\":1,\"name\":\"Accueil\",\"item\":\"https:\/\/tresorsnaturels.tn\/\"},{\"@type\":\"ListItem\",\"position\":2,\"name\":\"Boutique\",\"item\":\"https:\/\/tresorsnaturels.tn\/shop\/\"},{\"@type\":\"ListItem\",\"position\":3,\"name\":\"Poudre de SIDR &#038; Hydrolat de SIDR &#038; Huile de Coco &#038; Gel Alo\u00e9 Vera Bio\"}]},{\"@type\":\"WebSite\",\"@id\":\"https:\/\/tresorsnaturels.tn\/#website\",\"url\":\"https:\/\/tresorsnaturels.tn\/\",\"name\":\"Tr\u00e9sors Naturels\",\"description\":\"Produits cosm\u00e9tiques naturels en Tunisie\",\"publisher\":{\"@id\":\"https:\/\/tresorsnaturels.tn\/#organization\"},\"potentialAction\":[{\"@type\":\"SearchAction\",\"target\":{\"@type\":\"EntryPoint\",\"urlTemplate\":\"https:\/\/tresorsnaturels.tn\/?s={search_term_string}\"},\"query-input\":{\"@type\":\"PropertyValueSpecification\",\"valueRequired\":true,\"valueName\":\"search_term_string\"}}],\"inLanguage\":\"en-US\"},{\"@type\":\"Organization\",\"@id\":\"https:\/\/tresorsnaturels.tn\/#organization\",\"name\":\"Tr\u00e9sors Naturels\",\"url\":\"https:\/\/tresorsnaturels.tn\/\",\"logo\":{\"@type\":\"ImageObject\",\"inLanguage\":\"en-US\",\"@id\":\"https:\/\/tresorsnaturels.tn\/#\/schema\/logo\/image\/\",\"url\":\"https:\/\/tresorsnaturels.tn\/wp-content\/uploads\/2025\/03\/Logo-Tresors.png\",\"contentUrl\":\"https:\/\/tresorsnaturels.tn\/wp-content\/uploads\/2025\/03\/Logo-Tresors.png\",\"width\":500,\"height\":215,\"caption\":\"Tr\u00e9sors Naturels\"},\"image\":{\"@id\":\"https:\/\/tresorsnaturels.tn\/#\/schema\/logo\/image\/\"},\"sameAs\":[\"https:\/\/www.facebook.com\/tresors.naturels.tunisie\",\"https:\/\/www.instagram.com\/tresors_naturels_officiel\"]}]}<\/script>\n<!-- \/ Yoast SEO Premium plugin. -->","yoast_head_json":{"title":"Poudre de SIDR & Hydrolat de SIDR & Huile de Coco & Gel Alo\u00e9 Vera Bio","robots":{"index":"index","follow":"follow","max-snippet":"max-snippet:-1","max-image-preview":"max-image-preview:large","max-video-preview":"max-video-preview:-1"},"canonical":"https:\/\/tresorsnaturels.tn\/en\/product\/poudre-de-sidr-hydrolat-de-sidr-huile-de-coco-gel-aloe-vera-bio\/","og_locale":"en_US","og_type":"article","og_title":"Poudre de SIDR & Hydrolat de SIDR & Huile de Coco & Gel Alo\u00e9 Vera Bio","og_description":"Pack 100% Naturel R\u00e9paration   Hydratation  Nutrition Compl\u00e8te  4 soins essentiels pour des cheveux renforc\u00e9s, plus denses et visiblement plus sains d\u00e8s les premi\u00e8res utilisations   \u2714 Id\u00e9al pour redonner force, volume et vitalit\u00e9 aux cheveux affaiblis  \u2714 Convient aux cheveux fins, fragiles et cassants  \u2714 Aide \u00e0 renforcer la fibre capillaire  \u2714 100% naturels  &nbsp;  1. Hydrolat de Sidr  Lotion v\u00e9g\u00e9tale fortifiante pour cheveux affaiblis et manque de volume   \u2714 Aide \u00e0 fortifier les racines  \u2714 Soutient les cheveux sujets \u00e0 la chute  \u2714 Apporte plus de volume naturel  \u2714 Renforce les longueurs fragilis\u00e9es  Le Sidr aide les cheveux affaiblis \u00e0 retrouver force, tenue et vitalit\u00e9 d\u00e8s les premi\u00e8res utilisations.  2. Poudre de Sidr Pure  Soin v\u00e9g\u00e9tal gainant pour force et densit\u00e9 capillaire   \u2714 Aide \u00e0 densifier les cheveux  \u2714 Renforce les longueurs  \u2714 Apporte du volume  \u2714 Favorise une fibre plus r\u00e9sistante  La poudre de Sidr gaine naturellement la fibre capillaire pour des cheveux visiblement plus forts et mieux structur\u00e9s.  3. Aloe Vera Bio  Hydratation v\u00e9g\u00e9tale essentielle pour cheveux fragilis\u00e9s   \u2714 Hydrate en profondeur  \u2714 Am\u00e9liore la souplesse  \u2714 Apaise le cuir chevelu  \u2714 Apporte brillance naturelle  L\u2019Aloe Vera Bio hydrate la fibre capillaire, am\u00e9liore la souplesse et aide les cheveux \u00e0 retrouver douceur et brillance.  4. Huile de Coco Naturelle  Nutrition v\u00e9g\u00e9tale essentielle pour cheveux fragilis\u00e9s   \u2714 Nourrit intens\u00e9ment  \u2714 Renforce les longueurs  \u2714 Apporte douceur et souplesse  \u2714 Aide \u00e0 redonner force et brillance  L\u2019huile de coco nourrit la fibre capillaire, aide \u00e0 renforcer les cheveux fragilis\u00e9s et am\u00e9liore leur douceur naturelle.","og_url":"https:\/\/tresorsnaturels.tn\/en\/product\/poudre-de-sidr-hydrolat-de-sidr-huile-de-coco-gel-aloe-vera-bio\/","og_site_name":"Tr\u00e9sors Naturels","article_publisher":"https:\/\/www.facebook.com\/tresors.naturels.tunisie","article_modified_time":"2026-04-09T08:13:57+00:00","og_image":[{"width":1080,"height":1080,"url":"https:\/\/tresorsnaturels.tn\/wp-content\/uploads\/2026\/03\/Poudre-de-SIDR-Hydrolat-de-SIDR-Huile-de-Coco-Gel-Aloe-Vera-Bio.webp","type":"image\/webp"}],"twitter_card":"summary_large_image","twitter_misc":{"Est. reading time":"1 minute"},"schema":{"@context":"https:\/\/schema.org","@graph":[{"@type":"WebPage","@id":"https:\/\/tresorsnaturels.tn\/produit\/poudre-de-sidr-hydrolat-de-sidr-huile-de-coco-gel-aloe-vera-bio\/","url":"https:\/\/tresorsnaturels.tn\/produit\/poudre-de-sidr-hydrolat-de-sidr-huile-de-coco-gel-aloe-vera-bio\/","name":"Poudre de SIDR & Hydrolat de SIDR & Huile de Coco & Gel Alo\u00e9 Vera Bio","isPartOf":{"@id":"https:\/\/tresorsnaturels.tn\/#website"},"primaryImageOfPage":{"@id":"https:\/\/tresorsnaturels.tn\/produit\/poudre-de-sidr-hydrolat-de-sidr-huile-de-coco-gel-aloe-vera-bio\/#primaryimage"},"image":{"@id":"https:\/\/tresorsnaturels.tn\/produit\/poudre-de-sidr-hydrolat-de-sidr-huile-de-coco-gel-aloe-vera-bio\/#primaryimage"},"thumbnailUrl":"https:\/\/tresorsnaturels.tn\/wp-content\/uploads\/2026\/03\/Poudre-de-SIDR-Hydrolat-de-SIDR-Huile-de-Coco-Gel-Aloe-Vera-Bio.webp","datePublished":"2026-03-01T22:25:06+00:00","dateModified":"2026-04-09T08:13:57+00:00","breadcrumb":{"@id":"https:\/\/tresorsnaturels.tn\/produit\/poudre-de-sidr-hydrolat-de-sidr-huile-de-coco-gel-aloe-vera-bio\/#breadcrumb"},"inLanguage":"en-US","potentialAction":[{"@type":"ReadAction","target":["https:\/\/tresorsnaturels.tn\/produit\/poudre-de-sidr-hydrolat-de-sidr-huile-de-coco-gel-aloe-vera-bio\/"]}]},{"@type":"ImageObject","inLanguage":"en-US","@id":"https:\/\/tresorsnaturels.tn\/produit\/poudre-de-sidr-hydrolat-de-sidr-huile-de-coco-gel-aloe-vera-bio\/#primaryimage","url":"https:\/\/tresorsnaturels.tn\/wp-content\/uploads\/2026\/03\/Poudre-de-SIDR-Hydrolat-de-SIDR-Huile-de-Coco-Gel-Aloe-Vera-Bio.webp","contentUrl":"https:\/\/tresorsnaturels.tn\/wp-content\/uploads\/2026\/03\/Poudre-de-SIDR-Hydrolat-de-SIDR-Huile-de-Coco-Gel-Aloe-Vera-Bio.webp","width":1080,"height":1080},{"@type":"BreadcrumbList","@id":"https:\/\/tresorsnaturels.tn\/produit\/poudre-de-sidr-hydrolat-de-sidr-huile-de-coco-gel-aloe-vera-bio\/#breadcrumb","itemListElement":[{"@type":"ListItem","position":1,"name":"Accueil","item":"https:\/\/tresorsnaturels.tn\/"},{"@type":"ListItem","position":2,"name":"Boutique","item":"https:\/\/tresorsnaturels.tn\/shop\/"},{"@type":"ListItem","position":3,"name":"Poudre de SIDR &#038; Hydrolat de SIDR &#038; Huile de Coco &#038; Gel Alo\u00e9 Vera Bio"}]},{"@type":"WebSite","@id":"https:\/\/tresorsnaturels.tn\/#website","url":"https:\/\/tresorsnaturels.tn\/","name":"Tr\u00e9sors Naturels","description":"Produits cosm\u00e9tiques naturels en Tunisie","publisher":{"@id":"https:\/\/tresorsnaturels.tn\/#organization"},"potentialAction":[{"@type":"SearchAction","target":{"@type":"EntryPoint","urlTemplate":"https:\/\/tresorsnaturels.tn\/?s={search_term_string}"},"query-input":{"@type":"PropertyValueSpecification","valueRequired":true,"valueName":"search_term_string"}}],"inLanguage":"en-US"},{"@type":"Organization","@id":"https:\/\/tresorsnaturels.tn\/#organization","name":"Tr\u00e9sors Naturels","url":"https:\/\/tresorsnaturels.tn\/","logo":{"@type":"ImageObject","inLanguage":"en-US","@id":"https:\/\/tresorsnaturels.tn\/#\/schema\/logo\/image\/","url":"https:\/\/tresorsnaturels.tn\/wp-content\/uploads\/2025\/03\/Logo-Tresors.png","contentUrl":"https:\/\/tresorsnaturels.tn\/wp-content\/uploads\/2025\/03\/Logo-Tresors.png","width":500,"height":215,"caption":"Tr\u00e9sors Naturels"},"image":{"@id":"https:\/\/tresorsnaturels.tn\/#\/schema\/logo\/image\/"},"sameAs":["https:\/\/www.facebook.com\/tresors.naturels.tunisie","https:\/\/www.instagram.com\/tresors_naturels_officiel"]}]}},"_links":{"self":[{"href":"https:\/\/tresorsnaturels.tn\/en\/wp-json\/wp\/v2\/product\/51543","targetHints":{"allow":["GET"]}}],"collection":[{"href":"https:\/\/tresorsnaturels.tn\/en\/wp-json\/wp\/v2\/product"}],"about":[{"href":"https:\/\/tresorsnaturels.tn\/en\/wp-json\/wp\/v2\/types\/product"}],"replies":[{"embeddable":true,"href":"https:\/\/tresorsnaturels.tn\/en\/wp-json\/wp\/v2\/comments?post=51543"}],"version-history":[{"count":19,"href":"https:\/\/tresorsnaturels.tn\/en\/wp-json\/wp\/v2\/product\/51543\/revisions"}],"predecessor-version":[{"id":55883,"href":"https:\/\/tresorsnaturels.tn\/en\/wp-json\/wp\/v2\/product\/51543\/revisions\/55883"}],"wp:featuredmedia":[{"embeddable":true,"href":"https:\/\/tresorsnaturels.tn\/en\/wp-json\/wp\/v2\/media\/55374"}],"wp:attachment":[{"href":"https:\/\/tresorsnaturels.tn\/en\/wp-json\/wp\/v2\/media?parent=51543"}],"wp:term":[{"taxonomy":"product_brand","embeddable":true,"href":"https:\/\/tresorsnaturels.tn\/en\/wp-json\/wp\/v2\/product_brand?post=51543"},{"taxonomy":"product_cat","embeddable":true,"href":"https:\/\/tresorsnaturels.tn\/en\/wp-json\/wp\/v2\/product_cat?post=51543"},{"taxonomy":"product_tag","embeddable":true,"href":"https:\/\/tresorsnaturels.tn\/en\/wp-json\/wp\/v2\/product_tag?post=51543"}],"curies":[{"name":"wp","href":"https:\/\/api.w.org\/{rel}","templated":true}]}}