{"id":6784,"date":"2025-03-18T15:08:13","date_gmt":"2025-03-18T14:08:13","guid":{"rendered":"https:\/\/demo.aymenabid.com\/?page_id=6784"},"modified":"2025-10-01T00:10:09","modified_gmt":"2025-09-30T23:10:09","slug":"la-gamme-antipelliculaire","status":"publish","type":"page","link":"https:\/\/tresorsnaturels.tn\/en\/la-gamme-antipelliculaire\/","title":{"rendered":"La Gamme Antipelliculaire"},"content":{"rendered":"<div data-elementor-type=\"wp-page\" data-elementor-id=\"6784\" class=\"elementor elementor-6784\">\n\t\t\t\t\t\t<section class=\"elementor-section elementor-top-section elementor-element elementor-element-15433010 elementor-section-full_width elementor-section-stretched elementor-hidden-desktop elementor-hidden-tablet elementor-section-height-default elementor-section-height-default\" data-id=\"15433010\" data-element_type=\"section\" data-settings=\"{&quot;stretch_section&quot;:&quot;section-stretched&quot;}\">\n\t\t\t\t\t\t<div class=\"elementor-container elementor-column-gap-no\">\n\t\t\t\t\t<div class=\"elementor-column elementor-col-100 elementor-top-column elementor-element elementor-element-5a57af87\" data-id=\"5a57af87\" data-element_type=\"column\">\n\t\t\t<div class=\"elementor-widget-wrap elementor-element-populated\">\n\t\t\t\t\t\t<div class=\"elementor-element elementor-element-49ce322f elementor-widget elementor-widget-image\" data-id=\"49ce322f\" data-element_type=\"widget\" data-widget_type=\"image.default\">\n\t\t\t\t<div class=\"elementor-widget-container\">\n\t\t\t\t\t\t\t\t\t\t\t\t\t\t\t<img decoding=\"async\" src=\"https:\/\/tresorsnaturels.tn\/wp-content\/uploads\/2025\/03\/gamme_pelli.jpg\" title=\"gamme_pelli.jpg\" alt=\"gamme_pelli.jpg\" loading=\"lazy\" \/>\t\t\t\t\t\t\t\t\t\t\t\t\t\t\t<\/div>\n\t\t\t\t<\/div>\n\t\t\t\t\t<\/div>\n\t\t<\/div>\n\t\t\t\t\t<\/div>\n\t\t<\/section>\n\t\t\t\t<section class=\"elementor-section elementor-top-section elementor-element elementor-element-68fa07a1 elementor-section-full_width elementor-section-height-default elementor-section-height-default\" data-id=\"68fa07a1\" data-element_type=\"section\">\n\t\t\t\t\t\t<div class=\"elementor-container elementor-column-gap-default\">\n\t\t\t\t\t<div class=\"elementor-column elementor-col-100 elementor-top-column elementor-element elementor-element-1dcfdbb1\" data-id=\"1dcfdbb1\" data-element_type=\"column\">\n\t\t\t<div class=\"elementor-widget-wrap elementor-element-populated\">\n\t\t\t\t\t\t<div class=\"elementor-element elementor-element-476b2ef elementor-widget elementor-widget-text-editor\" data-id=\"476b2ef\" data-element_type=\"widget\" data-widget_type=\"text-editor.default\">\n\t\t\t\t<div class=\"elementor-widget-container\">\n\t\t\t\t\t\t\t\t\t<p style=\"text-align: left;\">D\u00e9couvrez notre gamme antipelliculaire \u00e0 <span style=\"color: #9e7620;\"><em><strong>la vitamine B3<\/strong><\/em><\/span>, <em><strong><span style=\"color: #9e7620;\">acide salicylique v\u00e9g\u00e9tal<\/span><\/strong><\/em> et <span style=\"color: #9e7620;\"><em><strong>l\u2019eau d\u2019ortie<\/strong> <\/em><\/span>sp\u00e9cialement con\u00e7ue pour ceux qui souffrent de pellicules et de cuir chevelu irrit\u00e9. Cette gamme utilise des actifs v\u00e9g\u00e9taux pour <em><strong><span style=\"color: #9e7620;\">purifier<\/span><\/strong><\/em>, <span style=\"color: #9e7620;\"><em><strong>fortifier<\/strong> <\/em><\/span>et <em><strong><span style=\"color: #9e7620;\">apaiser<\/span> <\/strong><\/em>votre cuir chevelu. Les pellicules sont efficacement \u00e9limin\u00e9es, laissant vos cheveux <span style=\"color: #9e7620;\"><em><strong>soyeux<\/strong><\/em><\/span>, <em><strong><span style=\"color: #9e7620;\">brillants<\/span><\/strong><\/em>, et pleins de vigueur. B\u00e9n\u00e9ficiez d\u2019une chevelure <span style=\"color: #9e7620;\"><em><strong>saine et \u00e9clatante <\/strong><\/em><\/span>gr\u00e2ce \u00e0 cette solution compl\u00e8te contre les pellicules.<\/p>\t\t\t\t\t\t\t\t<\/div>\n\t\t\t\t<\/div>\n\t\t\t\t\t<\/div>\n\t\t<\/div>\n\t\t\t\t\t<\/div>\n\t\t<\/section>\n\t\t\t\t<section class=\"elementor-section elementor-top-section elementor-element elementor-element-3daabf0c elementor-section-boxed elementor-section-height-default elementor-section-height-default\" data-id=\"3daabf0c\" data-element_type=\"section\">\n\t\t\t\t\t\t<div class=\"elementor-container elementor-column-gap-default\">\n\t\t\t\t\t<div class=\"elementor-column elementor-col-100 elementor-top-column elementor-element elementor-element-38176f9a\" data-id=\"38176f9a\" data-element_type=\"column\">\n\t\t\t<div class=\"elementor-widget-wrap elementor-element-populated\">\n\t\t\t\t\t\t<div class=\"elementor-element elementor-element-13e6f1dd elementor-position-left elementor-vertical-align-middle elementor-mobile-position-left elementor-view-default elementor-widget elementor-widget-icon-box\" data-id=\"13e6f1dd\" data-element_type=\"widget\" data-widget_type=\"icon-box.default\">\n\t\t\t\t<div class=\"elementor-widget-container\">\n\t\t\t\t\t\t\t<div class=\"elementor-icon-box-wrapper\">\n\n\t\t\t\t\t\t<div class=\"elementor-icon-box-icon\">\n\t\t\t\t<span  class=\"elementor-icon\">\n\t\t\t\t<i aria-hidden=\"true\" class=\"tb-icon tb-icon-liquid-soap\"><\/i>\t\t\t\t<\/span>\n\t\t\t<\/div>\n\t\t\t\n\t\t\t\t\t\t<div class=\"elementor-icon-box-content\">\n\n\t\t\t\t\t\t\t\t\t<h3 class=\"elementor-icon-box-title\">\n\t\t\t\t\t\t<span  >\n\t\t\t\t\t\t\tProduits :\t\t\t\t\t\t<\/span>\n\t\t\t\t\t<\/h3>\n\t\t\t\t\n\t\t\t\t\n\t\t\t<\/div>\n\t\t\t\n\t\t<\/div>\n\t\t\t\t\t\t<\/div>\n\t\t\t\t<\/div>\n\t\t\t\t\t<\/div>\n\t\t<\/div>\n\t\t\t\t\t<\/div>\n\t\t<\/section>\n\t\t\t\t<section class=\"elementor-section elementor-top-section elementor-element elementor-element-364729cc elementor-section-boxed elementor-section-height-default elementor-section-height-default\" data-id=\"364729cc\" data-element_type=\"section\">\n\t\t\t\t\t\t<div class=\"elementor-container elementor-column-gap-default\">\n\t\t\t\t\t<div class=\"elementor-column elementor-col-25 elementor-top-column elementor-element elementor-element-1cc72e14\" data-id=\"1cc72e14\" data-element_type=\"column\">\n\t\t\t<div class=\"elementor-widget-wrap elementor-element-populated\">\n\t\t\t\t\t\t<div class=\"elementor-element elementor-element-75f09dca elementor-position-top elementor-widget elementor-widget-image-box\" data-id=\"75f09dca\" data-element_type=\"widget\" data-widget_type=\"image-box.default\">\n\t\t\t\t<div class=\"elementor-widget-container\">\n\t\t\t\t\t<div class=\"elementor-image-box-wrapper\"><figure class=\"elementor-image-box-img\"><a href=\"\/en\/product\/shampoing-anti-pelliculaire-b3-vitamin\/\" tabindex=\"-1\"><img fetchpriority=\"high\" decoding=\"async\" width=\"1212\" height=\"1212\" src=\"https:\/\/tresorsnaturels.tn\/wp-content\/uploads\/2025\/03\/anti_pell1.jpg\" class=\"attachment-full size-full wp-image-6762\" alt=\"\" \/><\/a><\/figure><div class=\"elementor-image-box-content\"><h3 class=\"elementor-image-box-title\"><a href=\"\/en\/product\/shampoing-anti-pelliculaire-b3-vitamin\/\">Shampoing Anti-pelliculaire B3 Vitamin<\/a><\/h3><\/div><\/div>\t\t\t\t<\/div>\n\t\t\t\t<\/div>\n\t\t\t\t\t<\/div>\n\t\t<\/div>\n\t\t\t\t<div class=\"elementor-column elementor-col-25 elementor-top-column elementor-element elementor-element-2e6510ba\" data-id=\"2e6510ba\" data-element_type=\"column\">\n\t\t\t<div class=\"elementor-widget-wrap elementor-element-populated\">\n\t\t\t\t\t\t<div class=\"elementor-element elementor-element-8df5301 elementor-position-top elementor-widget elementor-widget-image-box\" data-id=\"8df5301\" data-element_type=\"widget\" data-widget_type=\"image-box.default\">\n\t\t\t\t<div class=\"elementor-widget-container\">\n\t\t\t\t\t<div class=\"elementor-image-box-wrapper\"><figure class=\"elementor-image-box-img\"><a href=\"\/en\/product\/lotion-botanique-anti-pelliculaire-b3-vitamin\/\" tabindex=\"-1\"><img decoding=\"async\" width=\"800\" height=\"800\" src=\"https:\/\/tresorsnaturels.tn\/wp-content\/uploads\/2025\/03\/lotion_pell.jpg\" class=\"attachment-full size-full wp-image-6763\" alt=\"\" \/><\/a><\/figure><div class=\"elementor-image-box-content\"><h3 class=\"elementor-image-box-title\"><a href=\"\/en\/product\/lotion-botanique-anti-pelliculaire-b3-vitamin\/\">Lotion Botanique Anti-pelliculaire B3 Vitamin<\/a><\/h3><\/div><\/div>\t\t\t\t<\/div>\n\t\t\t\t<\/div>\n\t\t\t\t\t<\/div>\n\t\t<\/div>\n\t\t\t\t<div class=\"elementor-column elementor-col-25 elementor-top-column elementor-element elementor-element-7cf75ea1 elementor-hidden-mobile\" data-id=\"7cf75ea1\" data-element_type=\"column\">\n\t\t\t<div class=\"elementor-widget-wrap\">\n\t\t\t\t\t\t\t<\/div>\n\t\t<\/div>\n\t\t\t\t<div class=\"elementor-column elementor-col-25 elementor-top-column elementor-element elementor-element-2c5cdeff elementor-hidden-mobile\" data-id=\"2c5cdeff\" data-element_type=\"column\">\n\t\t\t<div class=\"elementor-widget-wrap\">\n\t\t\t\t\t\t\t<\/div>\n\t\t<\/div>\n\t\t\t\t\t<\/div>\n\t\t<\/section>\n\t\t\t\t<\/div>","protected":false},"excerpt":{"rendered":"<p>D\u00e9couvrez notre gamme antipelliculaire \u00e0 la vitamine B3, acide salicylique v\u00e9g\u00e9tal et l\u2019eau d\u2019ortie sp\u00e9cialement con\u00e7ue pour ceux qui souffrent de pellicules et de cuir chevelu irrit\u00e9. Cette gamme utilise des actifs v\u00e9g\u00e9taux pour purifier, fortifier et apaiser votre cuir chevelu. Les pellicules sont efficacement \u00e9limin\u00e9es, laissant vos cheveux soyeux, brillants, et pleins de vigueur. &hellip; <a href=\"https:\/\/tresorsnaturels.tn\/en\/la-gamme-antipelliculaire\/\" class=\"more-link\">Continue reading <span class=\"screen-reader-text\">La Gamme Antipelliculaire<\/span><\/a><\/p>","protected":false},"author":15045,"featured_media":0,"parent":0,"menu_order":0,"comment_status":"closed","ping_status":"closed","template":"","meta":{"footnotes":""},"class_list":["post-6784","page","type-page","status-publish","hentry"],"yoast_head":"<!-- This site is optimized with the Yoast SEO Premium plugin v26.2 (Yoast SEO v26.2) - https:\/\/yoast.com\/wordpress\/plugins\/seo\/ -->\n<title>La Gamme Antipelliculaire -<\/title>\n<meta name=\"robots\" content=\"index, follow, max-snippet:-1, max-image-preview:large, max-video-preview:-1\" \/>\n<link rel=\"canonical\" href=\"https:\/\/tresorsnaturels.tn\/en\/la-gamme-antipelliculaire\/\" \/>\n<meta property=\"og:locale\" content=\"en_US\" \/>\n<meta property=\"og:type\" content=\"article\" \/>\n<meta property=\"og:title\" content=\"La Gamme Antipelliculaire\" \/>\n<meta property=\"og:description\" content=\"D\u00e9couvrez notre gamme antipelliculaire \u00e0 la vitamine B3, acide salicylique v\u00e9g\u00e9tal et l\u2019eau d\u2019ortie sp\u00e9cialement con\u00e7ue pour ceux qui souffrent de pellicules et de cuir chevelu irrit\u00e9. Cette gamme utilise des actifs v\u00e9g\u00e9taux pour purifier, fortifier et apaiser votre cuir chevelu. Les pellicules sont efficacement \u00e9limin\u00e9es, laissant vos cheveux soyeux, brillants, et pleins de vigueur. &hellip; Continue reading La Gamme Antipelliculaire\" \/>\n<meta property=\"og:url\" content=\"https:\/\/tresorsnaturels.tn\/en\/la-gamme-antipelliculaire\/\" \/>\n<meta property=\"og:site_name\" content=\"Tr\u00e9sors Naturels\" \/>\n<meta property=\"article:publisher\" content=\"https:\/\/www.facebook.com\/tresors.naturels.tunisie\" \/>\n<meta property=\"article:modified_time\" content=\"2025-09-30T23:10:09+00:00\" \/>\n<meta property=\"og:image\" content=\"https:\/\/tresorsnaturels.tn\/wp-content\/uploads\/2025\/03\/gamme_pelli.jpg\" \/>\n<meta name=\"twitter:card\" content=\"summary_large_image\" \/>\n<script type=\"application\/ld+json\" class=\"yoast-schema-graph\">{\"@context\":\"https:\/\/schema.org\",\"@graph\":[{\"@type\":\"WebPage\",\"@id\":\"https:\/\/tresorsnaturels.tn\/la-gamme-antipelliculaire\/\",\"url\":\"https:\/\/tresorsnaturels.tn\/la-gamme-antipelliculaire\/\",\"name\":\"La Gamme Antipelliculaire -\",\"isPartOf\":{\"@id\":\"https:\/\/tresorsnaturels.tn\/#website\"},\"primaryImageOfPage\":{\"@id\":\"https:\/\/tresorsnaturels.tn\/la-gamme-antipelliculaire\/#primaryimage\"},\"image\":{\"@id\":\"https:\/\/tresorsnaturels.tn\/la-gamme-antipelliculaire\/#primaryimage\"},\"thumbnailUrl\":\"https:\/\/tresorsnaturels.tn\/wp-content\/uploads\/2025\/03\/gamme_pelli.jpg\",\"datePublished\":\"2025-03-18T14:08:13+00:00\",\"dateModified\":\"2025-09-30T23:10:09+00:00\",\"breadcrumb\":{\"@id\":\"https:\/\/tresorsnaturels.tn\/la-gamme-antipelliculaire\/#breadcrumb\"},\"inLanguage\":\"en-US\",\"potentialAction\":[{\"@type\":\"ReadAction\",\"target\":[\"https:\/\/tresorsnaturels.tn\/la-gamme-antipelliculaire\/\"]}]},{\"@type\":\"ImageObject\",\"inLanguage\":\"en-US\",\"@id\":\"https:\/\/tresorsnaturels.tn\/la-gamme-antipelliculaire\/#primaryimage\",\"url\":\"https:\/\/tresorsnaturels.tn\/wp-content\/uploads\/2025\/03\/gamme_pelli.jpg\",\"contentUrl\":\"https:\/\/tresorsnaturels.tn\/wp-content\/uploads\/2025\/03\/gamme_pelli.jpg\"},{\"@type\":\"BreadcrumbList\",\"@id\":\"https:\/\/tresorsnaturels.tn\/la-gamme-antipelliculaire\/#breadcrumb\",\"itemListElement\":[{\"@type\":\"ListItem\",\"position\":1,\"name\":\"Accueil\",\"item\":\"https:\/\/tresorsnaturels.tn\/\"},{\"@type\":\"ListItem\",\"position\":2,\"name\":\"La Gamme Antipelliculaire\"}]},{\"@type\":\"WebSite\",\"@id\":\"https:\/\/tresorsnaturels.tn\/#website\",\"url\":\"https:\/\/tresorsnaturels.tn\/\",\"name\":\"Tr\u00e9sors Naturels\",\"description\":\"Produits cosm\u00e9tiques naturels en Tunisie\",\"publisher\":{\"@id\":\"https:\/\/tresorsnaturels.tn\/#organization\"},\"potentialAction\":[{\"@type\":\"SearchAction\",\"target\":{\"@type\":\"EntryPoint\",\"urlTemplate\":\"https:\/\/tresorsnaturels.tn\/?s={search_term_string}\"},\"query-input\":{\"@type\":\"PropertyValueSpecification\",\"valueRequired\":true,\"valueName\":\"search_term_string\"}}],\"inLanguage\":\"en-US\"},{\"@type\":\"Organization\",\"@id\":\"https:\/\/tresorsnaturels.tn\/#organization\",\"name\":\"Tr\u00e9sors Naturels\",\"url\":\"https:\/\/tresorsnaturels.tn\/\",\"logo\":{\"@type\":\"ImageObject\",\"inLanguage\":\"en-US\",\"@id\":\"https:\/\/tresorsnaturels.tn\/#\/schema\/logo\/image\/\",\"url\":\"https:\/\/tresorsnaturels.tn\/wp-content\/uploads\/2025\/03\/Logo-Tresors.png\",\"contentUrl\":\"https:\/\/tresorsnaturels.tn\/wp-content\/uploads\/2025\/03\/Logo-Tresors.png\",\"width\":500,\"height\":215,\"caption\":\"Tr\u00e9sors Naturels\"},\"image\":{\"@id\":\"https:\/\/tresorsnaturels.tn\/#\/schema\/logo\/image\/\"},\"sameAs\":[\"https:\/\/www.facebook.com\/tresors.naturels.tunisie\",\"https:\/\/www.instagram.com\/tresors_naturels_officiel\"]}]}<\/script>\n<!-- \/ Yoast SEO Premium plugin. -->","yoast_head_json":{"title":"La Gamme Antipelliculaire -","robots":{"index":"index","follow":"follow","max-snippet":"max-snippet:-1","max-image-preview":"max-image-preview:large","max-video-preview":"max-video-preview:-1"},"canonical":"https:\/\/tresorsnaturels.tn\/en\/la-gamme-antipelliculaire\/","og_locale":"en_US","og_type":"article","og_title":"La Gamme Antipelliculaire","og_description":"D\u00e9couvrez notre gamme antipelliculaire \u00e0 la vitamine B3, acide salicylique v\u00e9g\u00e9tal et l\u2019eau d\u2019ortie sp\u00e9cialement con\u00e7ue pour ceux qui souffrent de pellicules et de cuir chevelu irrit\u00e9. Cette gamme utilise des actifs v\u00e9g\u00e9taux pour purifier, fortifier et apaiser votre cuir chevelu. Les pellicules sont efficacement \u00e9limin\u00e9es, laissant vos cheveux soyeux, brillants, et pleins de vigueur. &hellip; Continue reading La Gamme Antipelliculaire","og_url":"https:\/\/tresorsnaturels.tn\/en\/la-gamme-antipelliculaire\/","og_site_name":"Tr\u00e9sors Naturels","article_publisher":"https:\/\/www.facebook.com\/tresors.naturels.tunisie","article_modified_time":"2025-09-30T23:10:09+00:00","og_image":[{"url":"https:\/\/tresorsnaturels.tn\/wp-content\/uploads\/2025\/03\/gamme_pelli.jpg","type":"","width":"","height":""}],"twitter_card":"summary_large_image","schema":{"@context":"https:\/\/schema.org","@graph":[{"@type":"WebPage","@id":"https:\/\/tresorsnaturels.tn\/la-gamme-antipelliculaire\/","url":"https:\/\/tresorsnaturels.tn\/la-gamme-antipelliculaire\/","name":"La Gamme Antipelliculaire -","isPartOf":{"@id":"https:\/\/tresorsnaturels.tn\/#website"},"primaryImageOfPage":{"@id":"https:\/\/tresorsnaturels.tn\/la-gamme-antipelliculaire\/#primaryimage"},"image":{"@id":"https:\/\/tresorsnaturels.tn\/la-gamme-antipelliculaire\/#primaryimage"},"thumbnailUrl":"https:\/\/tresorsnaturels.tn\/wp-content\/uploads\/2025\/03\/gamme_pelli.jpg","datePublished":"2025-03-18T14:08:13+00:00","dateModified":"2025-09-30T23:10:09+00:00","breadcrumb":{"@id":"https:\/\/tresorsnaturels.tn\/la-gamme-antipelliculaire\/#breadcrumb"},"inLanguage":"en-US","potentialAction":[{"@type":"ReadAction","target":["https:\/\/tresorsnaturels.tn\/la-gamme-antipelliculaire\/"]}]},{"@type":"ImageObject","inLanguage":"en-US","@id":"https:\/\/tresorsnaturels.tn\/la-gamme-antipelliculaire\/#primaryimage","url":"https:\/\/tresorsnaturels.tn\/wp-content\/uploads\/2025\/03\/gamme_pelli.jpg","contentUrl":"https:\/\/tresorsnaturels.tn\/wp-content\/uploads\/2025\/03\/gamme_pelli.jpg"},{"@type":"BreadcrumbList","@id":"https:\/\/tresorsnaturels.tn\/la-gamme-antipelliculaire\/#breadcrumb","itemListElement":[{"@type":"ListItem","position":1,"name":"Accueil","item":"https:\/\/tresorsnaturels.tn\/"},{"@type":"ListItem","position":2,"name":"La Gamme Antipelliculaire"}]},{"@type":"WebSite","@id":"https:\/\/tresorsnaturels.tn\/#website","url":"https:\/\/tresorsnaturels.tn\/","name":"Tr\u00e9sors Naturels","description":"Produits cosm\u00e9tiques naturels en Tunisie","publisher":{"@id":"https:\/\/tresorsnaturels.tn\/#organization"},"potentialAction":[{"@type":"SearchAction","target":{"@type":"EntryPoint","urlTemplate":"https:\/\/tresorsnaturels.tn\/?s={search_term_string}"},"query-input":{"@type":"PropertyValueSpecification","valueRequired":true,"valueName":"search_term_string"}}],"inLanguage":"en-US"},{"@type":"Organization","@id":"https:\/\/tresorsnaturels.tn\/#organization","name":"Tr\u00e9sors Naturels","url":"https:\/\/tresorsnaturels.tn\/","logo":{"@type":"ImageObject","inLanguage":"en-US","@id":"https:\/\/tresorsnaturels.tn\/#\/schema\/logo\/image\/","url":"https:\/\/tresorsnaturels.tn\/wp-content\/uploads\/2025\/03\/Logo-Tresors.png","contentUrl":"https:\/\/tresorsnaturels.tn\/wp-content\/uploads\/2025\/03\/Logo-Tresors.png","width":500,"height":215,"caption":"Tr\u00e9sors Naturels"},"image":{"@id":"https:\/\/tresorsnaturels.tn\/#\/schema\/logo\/image\/"},"sameAs":["https:\/\/www.facebook.com\/tresors.naturels.tunisie","https:\/\/www.instagram.com\/tresors_naturels_officiel"]}]}},"_links":{"self":[{"href":"https:\/\/tresorsnaturels.tn\/en\/wp-json\/wp\/v2\/pages\/6784","targetHints":{"allow":["GET"]}}],"collection":[{"href":"https:\/\/tresorsnaturels.tn\/en\/wp-json\/wp\/v2\/pages"}],"about":[{"href":"https:\/\/tresorsnaturels.tn\/en\/wp-json\/wp\/v2\/types\/page"}],"author":[{"embeddable":true,"href":"https:\/\/tresorsnaturels.tn\/en\/wp-json\/wp\/v2\/users\/15045"}],"replies":[{"embeddable":true,"href":"https:\/\/tresorsnaturels.tn\/en\/wp-json\/wp\/v2\/comments?post=6784"}],"version-history":[{"count":7,"href":"https:\/\/tresorsnaturels.tn\/en\/wp-json\/wp\/v2\/pages\/6784\/revisions"}],"predecessor-version":[{"id":37466,"href":"https:\/\/tresorsnaturels.tn\/en\/wp-json\/wp\/v2\/pages\/6784\/revisions\/37466"}],"wp:attachment":[{"href":"https:\/\/tresorsnaturels.tn\/en\/wp-json\/wp\/v2\/media?parent=6784"}],"curies":[{"name":"wp","href":"https:\/\/api.w.org\/{rel}","templated":true}]}}